{"id":349,"date":"2023-08-02T23:44:13","date_gmt":"2023-08-02T20:44:13","guid":{"rendered":"https:\/\/matematikkocu.com\/?page_id=349"},"modified":"2023-09-24T23:23:33","modified_gmt":"2023-09-24T20:23:33","slug":"murat-sirin-kimdir","status":"publish","type":"page","link":"https:\/\/matematikkocu.com\/index.php\/murat-sirin-kimdir\/","title":{"rendered":"Murat \u015eirin Kimdir ?"},"content":{"rendered":"\n<div class=\"wp-block-columns is-layout-flex wp-container-4\">\n<div class=\"wp-block-column is-layout-flow\">\n<figure class=\"wp-block-image aligncenter size-large is-resized\"><img decoding=\"async\" loading=\"lazy\" src=\"https:\/\/matematikkocu.com\/wp-content\/uploads\/2023\/09\/Adsiz-tasarim-37-1024x1024.png\" alt=\"\" class=\"wp-image-5933\" width=\"253\" height=\"253\" srcset=\"https:\/\/matematikkocu.com\/wp-content\/uploads\/2023\/09\/Adsiz-tasarim-37-1024x1024.png 1024w, https:\/\/matematikkocu.com\/wp-content\/uploads\/2023\/09\/Adsiz-tasarim-37-300x300.png 300w, https:\/\/matematikkocu.com\/wp-content\/uploads\/2023\/09\/Adsiz-tasarim-37-150x150.png 150w, https:\/\/matematikkocu.com\/wp-content\/uploads\/2023\/09\/Adsiz-tasarim-37-768x768.png 768w, https:\/\/matematikkocu.com\/wp-content\/uploads\/2023\/09\/Adsiz-tasarim-37-75x75.png 75w, https:\/\/matematikkocu.com\/wp-content\/uploads\/2023\/09\/Adsiz-tasarim-37.png 1080w\" sizes=\"(max-width: 253px) 100vw, 253px\" \/><\/figure>\n<\/div>\n\n\n\n<div class=\"wp-block-column is-layout-flow\">\n<figure class=\"wp-block-image size-large is-resized\"><img decoding=\"async\" loading=\"lazy\" src=\"https:\/\/matematikkocu.com\/wp-content\/uploads\/2023\/09\/Adsiz-tasarim-39-1024x1024.png\" alt=\"\" class=\"wp-image-5938\" width=\"260\" height=\"260\" srcset=\"https:\/\/matematikkocu.com\/wp-content\/uploads\/2023\/09\/Adsiz-tasarim-39-1024x1024.png 1024w, https:\/\/matematikkocu.com\/wp-content\/uploads\/2023\/09\/Adsiz-tasarim-39-300x300.png 300w, https:\/\/matematikkocu.com\/wp-content\/uploads\/2023\/09\/Adsiz-tasarim-39-150x150.png 150w, https:\/\/matematikkocu.com\/wp-content\/uploads\/2023\/09\/Adsiz-tasarim-39-768x768.png 768w, https:\/\/matematikkocu.com\/wp-content\/uploads\/2023\/09\/Adsiz-tasarim-39-75x75.png 75w, https:\/\/matematikkocu.com\/wp-content\/uploads\/2023\/09\/Adsiz-tasarim-39.png 1080w\" sizes=\"(max-width: 260px) 100vw, 260px\" \/><\/figure>\n<\/div>\n\n\n\n<div class=\"wp-block-column is-layout-flow\">\n<figure class=\"wp-block-image size-large is-resized\"><img decoding=\"async\" loading=\"lazy\" src=\"https:\/\/matematikkocu.com\/wp-content\/uploads\/2023\/09\/Adsiz-tasarim-38-1024x1024.png\" alt=\"\" class=\"wp-image-5936\" width=\"254\" height=\"254\" srcset=\"https:\/\/matematikkocu.com\/wp-content\/uploads\/2023\/09\/Adsiz-tasarim-38-1024x1024.png 1024w, https:\/\/matematikkocu.com\/wp-content\/uploads\/2023\/09\/Adsiz-tasarim-38-300x300.png 300w, https:\/\/matematikkocu.com\/wp-content\/uploads\/2023\/09\/Adsiz-tasarim-38-150x150.png 150w, https:\/\/matematikkocu.com\/wp-content\/uploads\/2023\/09\/Adsiz-tasarim-38-768x768.png 768w, https:\/\/matematikkocu.com\/wp-content\/uploads\/2023\/09\/Adsiz-tasarim-38-75x75.png 75w, https:\/\/matematikkocu.com\/wp-content\/uploads\/2023\/09\/Adsiz-tasarim-38.png 1080w\" sizes=\"(max-width: 254px) 100vw, 254px\" \/><\/figure>\n<\/div>\n<\/div>\n\n\n\n<p><strong>Y\u0131ld\u0131z Teknik \u00dcniversitesi<\/strong> mezunuyum. Matemati\u011fi \u00e7ok sevmem ve \u00fcniversite s\u0131nav\u0131nda elde eti\u011fim ba\u015far\u0131n\u0131n (matemati\u011fi fulledim) te\u015fvikiyle matematik \u00f6\u011fretmeni olmaya karar verdim. \u0130lk olarak da \u00f6zel bir temel lisede stajyer \u00f6\u011fretmen olarak g\u00f6rev ald\u0131m. Daha sonra Y\u0131ld\u0131z Teknik \u00dcniversitesinde&nbsp;<strong>E\u011fitim ve \u00d6\u011frenci Ko\u00e7lu\u011fu<\/strong>&nbsp;e\u011fitimini tamamlayarak \u00f6\u011frenci ko\u00e7u oldum.<\/p>\n\n\n\n<div class=\"wp-block-columns is-layout-flex wp-container-7\">\n<div class=\"wp-block-column is-layout-flow\">\n<figure class=\"wp-block-image size-large\"><img decoding=\"async\" loading=\"lazy\" width=\"1080\" height=\"608\" src=\"https:\/\/matematikkocu.com\/wp-content\/uploads\/2023\/09\/2-edited.png\" alt=\"\" class=\"wp-image-5948\" srcset=\"https:\/\/matematikkocu.com\/wp-content\/uploads\/2023\/09\/2-edited.png 1080w, https:\/\/matematikkocu.com\/wp-content\/uploads\/2023\/09\/2-edited-300x169.png 300w, https:\/\/matematikkocu.com\/wp-content\/uploads\/2023\/09\/2-edited-1024x576.png 1024w, https:\/\/matematikkocu.com\/wp-content\/uploads\/2023\/09\/2-edited-768x432.png 768w\" sizes=\"(max-width: 1080px) 100vw, 1080px\" \/><\/figure>\n<\/div>\n\n\n\n<div class=\"wp-block-column is-layout-flow\">\n<figure class=\"wp-block-image size-large is-resized\"><img decoding=\"async\" src=\"https:\/\/matematikkocu.com\/wp-content\/uploads\/2023\/09\/3-edited.png\" alt=\"\" class=\"wp-image-5946\" width=\"359\" srcset=\"https:\/\/matematikkocu.com\/wp-content\/uploads\/2023\/09\/3-edited.png 1080w, https:\/\/matematikkocu.com\/wp-content\/uploads\/2023\/09\/3-edited-300x169.png 300w, https:\/\/matematikkocu.com\/wp-content\/uploads\/2023\/09\/3-edited-1024x576.png 1024w, https:\/\/matematikkocu.com\/wp-content\/uploads\/2023\/09\/3-edited-768x432.png 768w\" sizes=\"(max-width: 1080px) 100vw, 1080px\" \/><\/figure>\n<\/div>\n<\/div>\n\n\n\n<p>Son 4 y\u0131l\u0131 \u00fcniversite d\u00fczeyinde olmak \u00fczere 8 y\u0131ld\u0131r \u00f6zel ders veriyorum.8 y\u0131ll\u0131k s\u00fcre\u00e7te \u00e7e\u015fitli kurum ve kurulu\u015flarda \u00e7al\u0131\u015ft\u0131m (\u00f6zel ders kurumlar\u0131, dershane). Bununla birlikte&nbsp;<strong>KUNDUZ, QANDA<\/strong>&nbsp;gibi soru \u00e7\u00f6z\u00fcm uygulamalar\u0131nda matematik e\u011fitmenli\u011fi yapt\u0131m ve burada binlerce soru \u00e7\u00f6zd\u00fcm. Buradaki e\u011fitmen ortalamam Kunduz i\u00e7in 4.8\/5; Qanda uygulamas\u0131 i\u00e7in S+ (en iyi derece) t\u0131r.<\/p>\n\n\n\n<div class=\"wp-block-columns is-layout-flex wp-container-10\">\n<div class=\"wp-block-column is-layout-flow\">\n<figure class=\"wp-block-image size-large\"><img decoding=\"async\" loading=\"lazy\" width=\"1024\" height=\"1024\" src=\"https:\/\/matematikkocu.com\/wp-content\/uploads\/2023\/09\/3-1-1024x1024.png\" alt=\"\" class=\"wp-image-5951\" srcset=\"https:\/\/matematikkocu.com\/wp-content\/uploads\/2023\/09\/3-1-1024x1024.png 1024w, https:\/\/matematikkocu.com\/wp-content\/uploads\/2023\/09\/3-1-300x300.png 300w, https:\/\/matematikkocu.com\/wp-content\/uploads\/2023\/09\/3-1-150x150.png 150w, https:\/\/matematikkocu.com\/wp-content\/uploads\/2023\/09\/3-1-768x768.png 768w, https:\/\/matematikkocu.com\/wp-content\/uploads\/2023\/09\/3-1-75x75.png 75w, https:\/\/matematikkocu.com\/wp-content\/uploads\/2023\/09\/3-1.png 1080w\" sizes=\"(max-width: 1024px) 100vw, 1024px\" \/><\/figure>\n<\/div>\n\n\n\n<div class=\"wp-block-column is-layout-flow\">\n<figure class=\"wp-block-image size-large\"><img decoding=\"async\" loading=\"lazy\" width=\"1024\" height=\"1024\" src=\"https:\/\/matematikkocu.com\/wp-content\/uploads\/2023\/09\/2-1-1024x1024.png\" alt=\"\" class=\"wp-image-5952\" srcset=\"https:\/\/matematikkocu.com\/wp-content\/uploads\/2023\/09\/2-1-1024x1024.png 1024w, https:\/\/matematikkocu.com\/wp-content\/uploads\/2023\/09\/2-1-300x300.png 300w, https:\/\/matematikkocu.com\/wp-content\/uploads\/2023\/09\/2-1-150x150.png 150w, https:\/\/matematikkocu.com\/wp-content\/uploads\/2023\/09\/2-1-768x768.png 768w, https:\/\/matematikkocu.com\/wp-content\/uploads\/2023\/09\/2-1-75x75.png 75w, https:\/\/matematikkocu.com\/wp-content\/uploads\/2023\/09\/2-1.png 1080w\" sizes=\"(max-width: 1024px) 100vw, 1024px\" \/><\/figure>\n<\/div>\n<\/div>\n\n\n\n<p>\u015eimdiye kadar 3000 saati online olmak \u00fczere toplam 5000 saatin \u00fcst\u00fcnde \u00f6zel ders tecr\u00fcbem mevcut. \u0130lkokuldan lise son s\u0131n\u0131f dahil olmak \u00fczere \u00fcniversite seviyesine kadar her s\u0131n\u0131ftan \u00f6\u011frencilerim oldu.&nbsp;<strong>Online<\/strong>, y\u00fcz y\u00fcze, grup ve s\u0131n\u0131f derslerim oldu. Ayr\u0131ca dereceye ve olimpiyatlara haz\u0131rlad\u0131\u011f\u0131m \u00f6\u011frencilerim de oldu.<\/p>\n\n\n\n<figure class=\"wp-block-image size-large\"><img decoding=\"async\" loading=\"lazy\" width=\"1024\" height=\"90\" src=\"https:\/\/matematikkocu.com\/wp-content\/uploads\/2023\/09\/Ekran-goruntusu-2023-09-24-232358-1024x90.png\" alt=\"\" class=\"wp-image-5960\" srcset=\"https:\/\/matematikkocu.com\/wp-content\/uploads\/2023\/09\/Ekran-goruntusu-2023-09-24-232358-1024x90.png 1024w, https:\/\/matematikkocu.com\/wp-content\/uploads\/2023\/09\/Ekran-goruntusu-2023-09-24-232358-300x26.png 300w, https:\/\/matematikkocu.com\/wp-content\/uploads\/2023\/09\/Ekran-goruntusu-2023-09-24-232358-768x67.png 768w, https:\/\/matematikkocu.com\/wp-content\/uploads\/2023\/09\/Ekran-goruntusu-2023-09-24-232358.png 1230w\" sizes=\"(max-width: 1024px) 100vw, 1024px\" \/><\/figure>\n\n\n\n<p><strong>Matemati\u011fi \u00e7ok seviyorum.<\/strong>&nbsp;\u00d6\u011frencilerime de bu matematik sevgisini a\u015f\u0131lamaya \u00e7al\u0131\u015f\u0131r\u0131m. Matemati\u011fi anlatt\u0131k\u00e7a ve de faydal\u0131 oldu\u011fumu g\u00f6rd\u00fck\u00e7e daha da motive oluyorum. Matemati\u011fi sevmeleri i\u00e7in <strong>teoriden \u00e7ok pratikli\u011fe<\/strong> <strong>\u00f6zen g\u00f6steriyorum<\/strong>. Onlar\u0131n s\u0131kmadan derse kat\u0131l\u0131m\u0131n\u0131 art\u0131rarak ve motive ederek bir oyun edas\u0131yla derslerimi i\u015flerim.&nbsp;<strong>\u00d6\u011frencilerim e\u011flenceli bir \u00f6\u011fretmen oldu\u011fumu s\u00f6ylerler.<\/strong><\/p>\n\n\n\n<p>Derslere ba\u015flamadan \u00f6nce k\u0131sa bir sohbetle onu rahatlat\u0131r. \u0130lk dersim ise e\u011fer, ona ge\u00e7mi\u015fteki ba\u015far\u0131lar\u0131mdan s\u00f6z ederim. K\u0131saca kendimi tan\u0131t\u0131r\u0131m. Ge\u00e7mi\u015fteki \u00f6\u011frencilerimle olan ba\u015far\u0131lar\u0131m\u0131z\u0131 anlat\u0131r\u0131m. Bu yolda beraber oldu\u011fumuzu yaln\u0131z hissetmemesi gerekti\u011fini s\u00f6zlerim ve mimiklerimle hissettirmeye \u00e7al\u0131\u015f\u0131r\u0131m. Derse gelince de \u00f6nce en kolay sorularla ba\u015flar onu derse \u0131s\u0131nd\u0131rmaya \u00e7al\u0131\u015f\u0131r\u0131m. Ard\u0131ndan zorluk derecesini artt\u0131rarak asl\u0131nda bu sorular\u0131n kolayca yap\u0131ld\u0131\u011f\u0131n\u0131 ispatl\u0131 olarak g\u00f6stermi\u015f olurum. Dersin sonunda y\u00fcz\u00fcnde mutlu bir tebess\u00fcm b\u0131rak\u0131p bir sonraki ders i\u00e7in program olu\u015ftururuz.<\/p>\n\n\n\n<p>Hat\u0131r\u0131 say\u0131l\u0131r s\u00fcredir bu meslekte oldu\u011fum i\u00e7in zaman i\u00e7inde kendime ait belli ba\u015fl\u0131 pratiklikler kazand\u0131m.&nbsp;<strong>Kendime ait 70\u2019e yak\u0131n k\u0131sayol, pratik yollar ke\u015ffettim.<\/strong>&nbsp;Bunlar form\u00fcl gibi olmasa da baz\u0131 konularda zamandan \u00e7ok tasarruf edildi\u011fini s\u00f6yleyebilirim. Bunun da bana \u00e7ok \u00e7al\u0131\u015fman\u0131n bir \u00f6d\u00fcl\u00fc oldu\u011funu d\u00fc\u015f\u00fcn\u00fcyorum. insan sevdi\u011fi i\u015fi yapmal\u0131, bende \u00f6\u011fretmenli\u011fi seviyorum. Bundan dolay\u0131 olsa gerek \u00e7al\u0131\u015f\u0131rken yorulmuyorum.<\/p>\n\n\n\n<p>Bo\u015f zamanlar\u0131mda&nbsp;<strong>satran\u00e7<\/strong>&nbsp;oynamay\u0131 \u00e7ok seviyorum.&nbsp;<strong>Sudoku<\/strong>&nbsp;\u00e7\u00f6zmekten ho\u015flan\u0131r\u0131m. Futbola ilgim hem oynayarak hem de izleyerek devam etmekte. Basketbol da da fena say\u0131lmam.<\/p>\n\n\n\n<p>\u0130stanbul da ya\u015f\u0131yorum ve bu \u015fehri seviyorum. Her ge\u00e7en zamanda yeni bir yerini daha ke\u015ffediyorum. Gezmeye, g\u00f6rmeye ve ke\u015ffetmeye devam ediyorum.<\/p>\n\n\n\n<p>Sinemaya gitmeyi, m\u00fczik dinlemeyi, kitap okumay\u0131 \u00e7ok severim. \u00d6zellikle her kitap okuyup bitirdi\u011fimde&nbsp;<strong>hayata yeni bir Murat&nbsp;<\/strong>olarak bakt\u0131\u011f\u0131m\u0131 hissederim.<\/p>\n\n\n\n<p><strong>Hayattaki amac\u0131m insanl\u0131\u011fa faydal\u0131 olmak.<\/strong>&nbsp;Her insan farkl\u0131 \u015feyler yaparak insanl\u0131\u011fa katk\u0131da bulunabilir. Bende en iyi oldu\u011fum i\u015fte yani matematikte insanl\u0131\u011fa katk\u0131da bulunmak istiyorum.<\/p>\n","protected":false},"excerpt":{"rendered":"<p>Y\u0131ld\u0131z Teknik \u00dcniversitesi mezunuyum. Matemati\u011fi \u00e7ok sevmem ve \u00fcniversite s\u0131nav\u0131nda elde eti\u011fim ba\u015far\u0131n\u0131n (matemati\u011fi fulledim) [&hellip;]<\/p>\n","protected":false},"author":1,"featured_media":0,"parent":0,"menu_order":0,"comment_status":"closed","ping_status":"closed","template":"","meta":{"_EventAllDay":false,"_EventTimezone":"","_EventStartDate":"","_EventEndDate":"","_EventStartDateUTC":"","_EventEndDateUTC":"","_EventShowMap":false,"_EventShowMapLink":false,"_EventURL":"","_EventCost":"","_EventCostDescription":"","_EventCurrencySymbol":"","_EventCurrencyCode":"","_EventCurrencyPosition":"","_EventDateTimeSeparator":"","_EventTimeRangeSeparator":"","_EventOrganizerID":[],"_EventVenueID":[],"_OrganizerEmail":"","_OrganizerPhone":"","_OrganizerWebsite":"","_VenueAddress":"","_VenueCity":"","_VenueCountry":"","_VenueProvince":"","_VenueState":"","_VenueZip":"","_VenuePhone":"","_VenueURL":"","_VenueStateProvince":"","_VenueLat":"","_VenueLng":"","_VenueShowMap":false,"_VenueShowMapLink":false,"_glsr_average":0,"_glsr_ranking":0,"_glsr_reviews":0},"aioseo_notices":[],"_links":{"self":[{"href":"https:\/\/matematikkocu.com\/index.php\/wp-json\/wp\/v2\/pages\/349"}],"collection":[{"href":"https:\/\/matematikkocu.com\/index.php\/wp-json\/wp\/v2\/pages"}],"about":[{"href":"https:\/\/matematikkocu.com\/index.php\/wp-json\/wp\/v2\/types\/page"}],"author":[{"embeddable":true,"href":"https:\/\/matematikkocu.com\/index.php\/wp-json\/wp\/v2\/users\/1"}],"replies":[{"embeddable":true,"href":"https:\/\/matematikkocu.com\/index.php\/wp-json\/wp\/v2\/comments?post=349"}],"version-history":[{"count":12,"href":"https:\/\/matematikkocu.com\/index.php\/wp-json\/wp\/v2\/pages\/349\/revisions"}],"predecessor-version":[{"id":5961,"href":"https:\/\/matematikkocu.com\/index.php\/wp-json\/wp\/v2\/pages\/349\/revisions\/5961"}],"wp:attachment":[{"href":"https:\/\/matematikkocu.com\/index.php\/wp-json\/wp\/v2\/media?parent=349"}],"curies":[{"name":"wp","href":"https:\/\/api.w.org\/{rel}","templated":true}]}}