{"id":5511,"date":"2023-01-23T12:58:09","date_gmt":"2023-01-23T12:58:09","guid":{"rendered":"http:\/\/localhost\/stylemix\/?page_id=5511"},"modified":"2023-01-23T12:58:09","modified_gmt":"2023-01-23T12:58:09","slug":"courses-archive","status":"publish","type":"page","link":"https:\/\/matematikkocu.com\/index.php\/courses-archive\/","title":{"rendered":"Courses Page (for Elementor)"},"content":{"rendered":"\t\t<div data-elementor-type=\"wp-page\" data-elementor-id=\"5511\" class=\"elementor elementor-5511\">\n\t\t\t\t\t\t\t\t\t<section class=\"elementor-section elementor-top-section elementor-element elementor-element-996eced elementor-section-full_width elementor-section-stretched elementor-section-height-default elementor-section-height-default\" data-id=\"996eced\" data-element_type=\"section\" data-settings=\"{&quot;stretch_section&quot;:&quot;section-stretched&quot;}\">\n\t\t\t\t\t\t<div class=\"elementor-container elementor-column-gap-default\">\n\t\t\t\t\t<div class=\"elementor-column elementor-col-100 elementor-top-column elementor-element elementor-element-ccc5758\" data-id=\"ccc5758\" data-element_type=\"column\">\n\t\t\t<div class=\"elementor-widget-wrap elementor-element-populated\">\n\t\t\t\t\t\t\t\t<div class=\"elementor-element elementor-element-2e90786 elementor-widget elementor-widget-ms_lms_courses_searchbox\" data-id=\"2e90786\" data-element_type=\"widget\" data-widget_type=\"ms_lms_courses_searchbox.default\">\n\t\t\t\t<div class=\"elementor-widget-container\">\n\t\t\t<div class=\"ms_lms_course_search_box\">\n\t<div class=\"ms_lms_course_search_box__search_input  search_button_inside\">\n\t{{ search }}\n\t<autocomplete\n\t\tname=\"search\"\n\t\tplaceholder=\"Search courses...\"\n\t\turl=\"https:\/\/matematikkocu.com\/index.php\/wp-json\/stm-lms\/v1\/courses\"\n\t\tparam=\"search\"\n\t\tanchor=\"value\"\n\t\tlabel=\"label\"\n\t\t:on-select=\"searchCourse\"\n\t\t:on-input=\"searching\"\n\t\t:debounce=\"1000\"\n\t\tmodel=\"search\">\n\t<\/autocomplete>\n\t<a :href=\"'https:\/\/matematikkocu.com\/index.php\/kurslar-sayfasi\/?search=' + url\"\n\t\tclass=\"ms_lms_course_search_box__search_input_button\">\n\t\t<i class=\"lnricons-magnifier\"><\/i>\n\t<\/a>\n<\/div>\n<\/div>\n\t\t<\/div>\n\t\t\t\t<\/div>\n\t\t\t\t\t<\/div>\n\t\t<\/div>\n\t\t\t\t\t\t\t<\/div>\n\t\t<\/section>\n\t\t\t\t<section class=\"elementor-section elementor-top-section elementor-element elementor-element-c3a5d84 elementor-section-stretched elementor-section-boxed elementor-section-height-default elementor-section-height-default\" data-id=\"c3a5d84\" data-element_type=\"section\" data-settings=\"{&quot;stretch_section&quot;:&quot;section-stretched&quot;}\">\n\t\t\t\t\t\t<div class=\"elementor-container elementor-column-gap-default\">\n\t\t\t\t\t<div class=\"elementor-column elementor-col-100 elementor-top-column elementor-element elementor-element-d6c9055\" data-id=\"d6c9055\" data-element_type=\"column\">\n\t\t\t<div class=\"elementor-widget-wrap elementor-element-populated\">\n\t\t\t\t\t\t\t\t<div class=\"elementor-element elementor-element-0708b0e elementor-widget elementor-widget-ms_lms_courses\" data-id=\"0708b0e\" data-element_type=\"widget\" data-settings=\"{&quot;type&quot;:&quot;courses-archive&quot;,&quot;opened_filters&quot;:3,&quot;slides_to_scroll&quot;:&quot;25%&quot;,&quot;slides_to_scroll_tablet&quot;:&quot;33.333333%&quot;,&quot;slides_to_scroll_mobile&quot;:&quot;100%&quot;,&quot;loop&quot;:&quot;true&quot;,&quot;course_card_presets&quot;:&quot;card-style-1&quot;,&quot;cards_to_show_choice&quot;:&quot;number&quot;,&quot;cards_to_show&quot;:8,&quot;show_featured_block&quot;:&quot;yes&quot;,&quot;cards_to_show_choice_featured&quot;:&quot;number&quot;,&quot;cards_to_show_featured&quot;:4,&quot;sort_by&quot;:&quot;date_high&quot;,&quot;show_category&quot;:&quot;yes&quot;,&quot;show_progress&quot;:&quot;yes&quot;,&quot;show_divider&quot;:&quot;yes&quot;,&quot;show_rating&quot;:&quot;yes&quot;,&quot;show_price&quot;:&quot;yes&quot;,&quot;show_slots&quot;:&quot;yes&quot;,&quot;card_slot_1&quot;:&quot;current-students&quot;,&quot;card_slot_2&quot;:&quot;views&quot;,&quot;featured_position&quot;:&quot;left&quot;,&quot;status_presets&quot;:&quot;status_style_1&quot;,&quot;status_position&quot;:&quot;right&quot;,&quot;show_popup&quot;:&quot;yes&quot;,&quot;popup_show_author_name&quot;:&quot;yes&quot;,&quot;popup_show_author_image&quot;:&quot;yes&quot;,&quot;popup_show_excerpt&quot;:&quot;yes&quot;,&quot;popup_show_slots&quot;:&quot;yes&quot;,&quot;popup_slot_1&quot;:&quot;level&quot;,&quot;popup_slot_2&quot;:&quot;lectures&quot;,&quot;popup_slot_3&quot;:&quot;duration&quot;,&quot;popup_show_wishlist&quot;:&quot;yes&quot;,&quot;popup_show_price&quot;:&quot;yes&quot;,&quot;show_instructor_label&quot;:&quot;yes&quot;,&quot;show_instructor_position&quot;:&quot;yes&quot;,&quot;show_instructor_bio&quot;:&quot;yes&quot;}\" data-widget_type=\"ms_lms_courses.default\">\n\t\t\t\t<div class=\"elementor-widget-container\">\n\t\t\t<div class=\"ms_lms_courses_archive\">\n\t\t\t<div class=\"ms_lms_courses_archive__title style_1\">\n\t\t\t<h2>\n\t\t\t\t\t\t\t<\/h2>\n\t\t\t<div class=\"ms_lms_courses_archive__sorting style_3\">\n\t<span class=\"ms_lms_courses_archive__sorting_select_label\">Sort by:<\/span>\n\t<select name=\"ms_lms_courses_archive__sorting_select\" class=\"ms_lms_courses_archive__sorting_select\">\n\t\t\t\t\t<option value=\"date_high\"  selected='selected'>\n\t\t\t\tNewest\t\t\t<\/option>\n\t\t\t\t\t<option value=\"date_low\" >\n\t\t\t\tOldest\t\t\t<\/option>\n\t\t\t\t\t<option value=\"price_high\" >\n\t\t\t\tY\u00fcksek fiyat\t\t\t<\/option>\n\t\t\t\t\t<option value=\"price_low\" >\n\t\t\t\tD\u00fc\u015f\u00fck fiyat\t\t\t<\/option>\n\t\t\t\t\t<option value=\"rating\" >\n\t\t\t\tGenel Puan\t\t\t<\/option>\n\t\t\t\t\t<option value=\"popular\" >\n\t\t\t\tMost Viewed\t\t\t<\/option>\n\t\t\t<\/select>\n<\/div>\n\t\t<\/div>\n\t\t<div class=\"ms_lms_courses_archive__content filter_left title_style_1\">\n\t\t<div class=\"ms_lms_courses_archive__filter\">\n\t<a href=\"#\" class=\"ms_lms_courses_archive__filter_toggle\">\n\t\tFilters\t<\/a>\n\t<form class=\"ms_lms_courses_archive__filter_form\" method=\"post\">\n\t\t<div class=\"ms_lms_courses_archive__filter_options\">\n\t\t\t<div class=\"ms_lms_courses_archive__filter_options_item\">\n\t<div class=\"ms_lms_courses_archive__filter_options_item_title\">\n\t\t<h3>Category<\/h3>\n\t\t<div class=\"ms_lms_courses_archive__filter_options_item_title_toggler\"><\/div>\n\t<\/div>\n\t<div class=\"ms_lms_courses_archive__filter_options_item_content\">\n\t\t\t<\/div>\n<\/div>\n<div class=\"ms_lms_courses_archive__filter_options_item\">\n\t<div class=\"ms_lms_courses_archive__filter_options_item_title\">\n\t\t<h3>Stat\u00fc<\/h3>\n\t\t<div class=\"ms_lms_courses_archive__filter_options_item_title_toggler\"><\/div>\n\t<\/div>\n\t<div class=\"ms_lms_courses_archive__filter_options_item_content\">\n\t\t\t\t\t<div class=\"ms_lms_courses_archive__filter_options_item_category\">\n\t\t\t\t<label class=\"ms_lms_courses_archive__filter_options_item_checkbox\">\n\t\t\t\t\t<span class=\"ms_lms_courses_archive__filter_options_item_checkbox_inner\">\n\t\t\t\t\t\t<input type=\"checkbox\" value=\"hot\"  name=\"status[]\"\/>\n\t\t\t\t\t\t<span><i class=\"fa fa-check\"><\/i><\/span>\n\t\t\t\t\t<\/span>\n\t\t\t\t\t<span class=\"ms_lms_courses_archive__filter_options_item_checkbox_label\">S\u0131cak<\/span>\n\t\t\t\t<\/label>\n\t\t\t<\/div>\n\t\t\t\t\t<div class=\"ms_lms_courses_archive__filter_options_item_category\">\n\t\t\t\t<label class=\"ms_lms_courses_archive__filter_options_item_checkbox\">\n\t\t\t\t\t<span class=\"ms_lms_courses_archive__filter_options_item_checkbox_inner\">\n\t\t\t\t\t\t<input type=\"checkbox\" value=\"new\"  name=\"status[]\"\/>\n\t\t\t\t\t\t<span><i class=\"fa fa-check\"><\/i><\/span>\n\t\t\t\t\t<\/span>\n\t\t\t\t\t<span class=\"ms_lms_courses_archive__filter_options_item_checkbox_label\">Yeni<\/span>\n\t\t\t\t<\/label>\n\t\t\t<\/div>\n\t\t\t\t\t<div class=\"ms_lms_courses_archive__filter_options_item_category\">\n\t\t\t\t<label class=\"ms_lms_courses_archive__filter_options_item_checkbox\">\n\t\t\t\t\t<span class=\"ms_lms_courses_archive__filter_options_item_checkbox_inner\">\n\t\t\t\t\t\t<input type=\"checkbox\" value=\"special\"  name=\"status[]\"\/>\n\t\t\t\t\t\t<span><i class=\"fa fa-check\"><\/i><\/span>\n\t\t\t\t\t<\/span>\n\t\t\t\t\t<span class=\"ms_lms_courses_archive__filter_options_item_checkbox_label\">\u00d6zel<\/span>\n\t\t\t\t<\/label>\n\t\t\t<\/div>\n\t\t\t<\/div>\n<\/div>\n<div class=\"ms_lms_courses_archive__filter_options_item\">\n\t<div class=\"ms_lms_courses_archive__filter_options_item_title\">\n\t\t<h3>Seviye<\/h3>\n\t\t<div class=\"ms_lms_courses_archive__filter_options_item_title_toggler\"><\/div>\n\t<\/div>\n\t<div class=\"ms_lms_courses_archive__filter_options_item_content\">\n\t\t\t\t\t<div class=\"ms_lms_courses_archive__filter_options_item_category\">\n\t\t\t\t<label class=\"ms_lms_courses_archive__filter_options_item_checkbox\">\n\t\t\t\t\t<span class=\"ms_lms_courses_archive__filter_options_item_checkbox_inner\">\n\t\t\t\t\t\t<input type=\"checkbox\" value=\"beginner\"  name=\"level[]\"\/>\n\t\t\t\t\t\t<span><i class=\"fa fa-check\"><\/i><\/span>\n\t\t\t\t\t<\/span>\n\t\t\t\t\t<span class=\"ms_lms_courses_archive__filter_options_item_checkbox_label\">Ba\u015flang\u0131\u00e7<\/span>\n\t\t\t\t<\/label>\n\t\t\t<\/div>\n\t\t\t\t\t<div class=\"ms_lms_courses_archive__filter_options_item_category\">\n\t\t\t\t<label class=\"ms_lms_courses_archive__filter_options_item_checkbox\">\n\t\t\t\t\t<span class=\"ms_lms_courses_archive__filter_options_item_checkbox_inner\">\n\t\t\t\t\t\t<input type=\"checkbox\" value=\"intermediate\"  name=\"level[]\"\/>\n\t\t\t\t\t\t<span><i class=\"fa fa-check\"><\/i><\/span>\n\t\t\t\t\t<\/span>\n\t\t\t\t\t<span class=\"ms_lms_courses_archive__filter_options_item_checkbox_label\">Orta<\/span>\n\t\t\t\t<\/label>\n\t\t\t<\/div>\n\t\t\t\t\t<div class=\"ms_lms_courses_archive__filter_options_item_category\">\n\t\t\t\t<label class=\"ms_lms_courses_archive__filter_options_item_checkbox\">\n\t\t\t\t\t<span class=\"ms_lms_courses_archive__filter_options_item_checkbox_inner\">\n\t\t\t\t\t\t<input type=\"checkbox\" value=\"advanced\"  name=\"level[]\"\/>\n\t\t\t\t\t\t<span><i class=\"fa fa-check\"><\/i><\/span>\n\t\t\t\t\t<\/span>\n\t\t\t\t\t<span class=\"ms_lms_courses_archive__filter_options_item_checkbox_label\">\u0130leri<\/span>\n\t\t\t\t<\/label>\n\t\t\t<\/div>\n\t\t\t<\/div>\n<\/div>\n<div class=\"ms_lms_courses_archive__filter_options_item\">\n\t<div class=\"ms_lms_courses_archive__filter_options_item_title\">\n\t\t<h3>Rating<\/h3>\n\t\t<div class=\"ms_lms_courses_archive__filter_options_item_title_toggler\"><\/div>\n\t<\/div>\n\t<div class=\"ms_lms_courses_archive__filter_options_item_content\">\n\t\t\t\t\t<label class=\"ms_lms_courses_archive__filter_options_item_category\">\n\t\t\t\t<span class=\"ms_lms_courses_archive__filter_options_item_radio\">\n\t\t\t\t\t<input type=\"radio\" name=\"rating\" value=\"4.5\" >\n\t\t\t\t\t<span class=\"ms_lms_courses_archive__filter_options_item_radio_fake\"><\/span>\n\t\t\t\t<\/span>\n\t\t\t\t<div class=\"ms_lms_courses_archive__filter_options_item_rating\">\n\t\t\t\t\t<div class=\"ms_lms_courses_archive__filter_options_item_rating_stars\">\n\t\t\t\t\t\t<div class=\"ms_lms_courses_archive__filter_options_item_rating_stars_filled\" style=\"width: 90%;\"><\/div>\n\t\t\t\t\t<\/div>\n\t\t\t\t\t<div class=\"ms_lms_courses_archive__filter_options_item_rating_quantity\">\n\t\t\t\t\t\t<span>4.5 &amp; up<\/span>\n\t\t\t\t\t<\/div>\n\t\t\t\t<\/div>\n\t\t\t<\/label>\n\t\t\t\t\t<label class=\"ms_lms_courses_archive__filter_options_item_category\">\n\t\t\t\t<span class=\"ms_lms_courses_archive__filter_options_item_radio\">\n\t\t\t\t\t<input type=\"radio\" name=\"rating\" value=\"4\" >\n\t\t\t\t\t<span class=\"ms_lms_courses_archive__filter_options_item_radio_fake\"><\/span>\n\t\t\t\t<\/span>\n\t\t\t\t<div class=\"ms_lms_courses_archive__filter_options_item_rating\">\n\t\t\t\t\t<div class=\"ms_lms_courses_archive__filter_options_item_rating_stars\">\n\t\t\t\t\t\t<div class=\"ms_lms_courses_archive__filter_options_item_rating_stars_filled\" style=\"width: 80%;\"><\/div>\n\t\t\t\t\t<\/div>\n\t\t\t\t\t<div class=\"ms_lms_courses_archive__filter_options_item_rating_quantity\">\n\t\t\t\t\t\t<span>4.0 &amp; up<\/span>\n\t\t\t\t\t<\/div>\n\t\t\t\t<\/div>\n\t\t\t<\/label>\n\t\t\t\t\t<label class=\"ms_lms_courses_archive__filter_options_item_category\">\n\t\t\t\t<span class=\"ms_lms_courses_archive__filter_options_item_radio\">\n\t\t\t\t\t<input type=\"radio\" name=\"rating\" value=\"3.5\" >\n\t\t\t\t\t<span class=\"ms_lms_courses_archive__filter_options_item_radio_fake\"><\/span>\n\t\t\t\t<\/span>\n\t\t\t\t<div class=\"ms_lms_courses_archive__filter_options_item_rating\">\n\t\t\t\t\t<div class=\"ms_lms_courses_archive__filter_options_item_rating_stars\">\n\t\t\t\t\t\t<div class=\"ms_lms_courses_archive__filter_options_item_rating_stars_filled\" style=\"width: 70%;\"><\/div>\n\t\t\t\t\t<\/div>\n\t\t\t\t\t<div class=\"ms_lms_courses_archive__filter_options_item_rating_quantity\">\n\t\t\t\t\t\t<span>3.5 &amp; up<\/span>\n\t\t\t\t\t<\/div>\n\t\t\t\t<\/div>\n\t\t\t<\/label>\n\t\t\t\t\t<label class=\"ms_lms_courses_archive__filter_options_item_category\">\n\t\t\t\t<span class=\"ms_lms_courses_archive__filter_options_item_radio\">\n\t\t\t\t\t<input type=\"radio\" name=\"rating\" value=\"3\" >\n\t\t\t\t\t<span class=\"ms_lms_courses_archive__filter_options_item_radio_fake\"><\/span>\n\t\t\t\t<\/span>\n\t\t\t\t<div class=\"ms_lms_courses_archive__filter_options_item_rating\">\n\t\t\t\t\t<div class=\"ms_lms_courses_archive__filter_options_item_rating_stars\">\n\t\t\t\t\t\t<div class=\"ms_lms_courses_archive__filter_options_item_rating_stars_filled\" style=\"width: 60%;\"><\/div>\n\t\t\t\t\t<\/div>\n\t\t\t\t\t<div class=\"ms_lms_courses_archive__filter_options_item_rating_quantity\">\n\t\t\t\t\t\t<span>3.0 &amp; up<\/span>\n\t\t\t\t\t<\/div>\n\t\t\t\t<\/div>\n\t\t\t<\/label>\n\t\t\t<\/div>\n<\/div>\n<div class=\"ms_lms_courses_archive__filter_options_item\">\n\t<div class=\"ms_lms_courses_archive__filter_options_item_title\">\n\t\t<h3>Fiyat<\/h3>\n\t\t<div class=\"ms_lms_courses_archive__filter_options_item_title_toggler\"><\/div>\n\t<\/div>\n\t<div class=\"ms_lms_courses_archive__filter_options_item_content\">\n\t\t\t\t\t<div class=\"ms_lms_courses_archive__filter_options_item_category\">\n\t\t\t\t<label class=\"ms_lms_courses_archive__filter_options_item_checkbox\">\n\t\t\t\t\t<span class=\"ms_lms_courses_archive__filter_options_item_checkbox_inner\">\n\t\t\t\t\t\t<input type=\"checkbox\" value=\"free_courses\"  name=\"price[]\"\/>\n\t\t\t\t\t\t<span><i class=\"fa fa-check\"><\/i><\/span>\n\t\t\t\t\t<\/span>\n\t\t\t\t\t<span class=\"ms_lms_courses_archive__filter_options_item_checkbox_label\">\u00dccretsiz Kurslar<\/span>\n\t\t\t\t<\/label>\n\t\t\t<\/div>\n\t\t\t\t\t<div class=\"ms_lms_courses_archive__filter_options_item_category\">\n\t\t\t\t<label class=\"ms_lms_courses_archive__filter_options_item_checkbox\">\n\t\t\t\t\t<span class=\"ms_lms_courses_archive__filter_options_item_checkbox_inner\">\n\t\t\t\t\t\t<input type=\"checkbox\" value=\"paid_courses\"  name=\"price[]\"\/>\n\t\t\t\t\t\t<span><i class=\"fa fa-check\"><\/i><\/span>\n\t\t\t\t\t<\/span>\n\t\t\t\t\t<span class=\"ms_lms_courses_archive__filter_options_item_checkbox_label\">Paid Courses<\/span>\n\t\t\t\t<\/label>\n\t\t\t<\/div>\n\t\t\t\t\t<div class=\"ms_lms_courses_archive__filter_options_item_category\">\n\t\t\t\t<label class=\"ms_lms_courses_archive__filter_options_item_checkbox\">\n\t\t\t\t\t<span class=\"ms_lms_courses_archive__filter_options_item_checkbox_inner\">\n\t\t\t\t\t\t<input type=\"checkbox\" value=\"subscription\"  name=\"price[]\"\/>\n\t\t\t\t\t\t<span><i class=\"fa fa-check\"><\/i><\/span>\n\t\t\t\t\t<\/span>\n\t\t\t\t\t<span class=\"ms_lms_courses_archive__filter_options_item_checkbox_label\">Only Subscription<\/span>\n\t\t\t\t<\/label>\n\t\t\t<\/div>\n\t\t\t<\/div>\n<\/div>\n\t\t<\/div>\n\t\t<div class=\"ms_lms_courses_archive__filter_actions\">\n\t\t\t<input type=\"submit\" value=\"Show Results\" class=\"ms_lms_courses_archive__filter_actions_button\">\n\t\t\t<a href=\"#\" class=\"ms_lms_courses_archive__filter_actions_reset\">\n\t\t\t\t<i class=\"lnr lnr-undo\"><\/i>\n\t\t\t\t<span>Reset All<\/span>\n\t\t\t<\/a>\n\t\t<\/div>\n\t<\/form>\n<\/div>\n\t\t<div class=\"ms_lms_courses_card_wrapper\">\n\t\t\t\t\t\t<div class=\"ms_lms_courses_card card-style-1\">\n\t\t\t\t<div class=\"ms_lms_courses_archive__no-result\">\n\t<div class=\"ms_lms_courses_archive__no-result_background\">\n\t\t<i class=\"stmlms-not_found_courses\"><\/i>\n\t<\/div>\n\t<p>\n\t\tNo courses found\t<\/p>\n\t<a href=\"#\" class=\"ms_lms_courses_archive__no-result_reset\">\n\t\t<i class=\"lnr lnr-undo\"><\/i>\n\t\t<span>Reset All<\/span>\n\t<\/a>\n<\/div>\n\t\t\t<\/div>\n\t\t\t<div class=\"ms_lms_courses_archive__pagination_wrapper\">\n\t\t\t\t\t\t\t<\/div>\n\t\t<\/div>\n\t<\/div>\n<\/div>\n\t\t<\/div>\n\t\t\t\t<\/div>\n\t\t\t\t\t<\/div>\n\t\t<\/div>\n\t\t\t\t\t\t\t<\/div>\n\t\t<\/section>\n\t\t\t\t\t\t\t<\/div>\n\t\t","protected":false},"excerpt":{"rendered":"","protected":false},"author":1,"featured_media":0,"parent":0,"menu_order":0,"comment_status":"closed","ping_status":"closed","template":"","meta":{"_EventAllDay":false,"_EventTimezone":"","_EventStartDate":"","_EventEndDate":"","_EventStartDateUTC":"","_EventEndDateUTC":"","_EventShowMap":false,"_EventShowMapLink":false,"_EventURL":"","_EventCost":"","_EventCostDescription":"","_EventCurrencySymbol":"","_EventCurrencyCode":"","_EventCurrencyPosition":"","_EventDateTimeSeparator":"","_EventTimeRangeSeparator":"","_EventOrganizerID":[],"_EventVenueID":[],"_OrganizerEmail":"","_OrganizerPhone":"","_OrganizerWebsite":"","_VenueAddress":"","_VenueCity":"","_VenueCountry":"","_VenueProvince":"","_VenueState":"","_VenueZip":"","_VenuePhone":"","_VenueURL":"","_VenueStateProvince":"","_VenueLat":"","_VenueLng":"","_VenueShowMap":false,"_VenueShowMapLink":false,"_glsr_average":0,"_glsr_ranking":0,"_glsr_reviews":0},"aioseo_notices":[],"_links":{"self":[{"href":"https:\/\/matematikkocu.com\/index.php\/wp-json\/wp\/v2\/pages\/5511"}],"collection":[{"href":"https:\/\/matematikkocu.com\/index.php\/wp-json\/wp\/v2\/pages"}],"about":[{"href":"https:\/\/matematikkocu.com\/index.php\/wp-json\/wp\/v2\/types\/page"}],"author":[{"embeddable":true,"href":"https:\/\/matematikkocu.com\/index.php\/wp-json\/wp\/v2\/users\/1"}],"replies":[{"embeddable":true,"href":"https:\/\/matematikkocu.com\/index.php\/wp-json\/wp\/v2\/comments?post=5511"}],"version-history":[{"count":0,"href":"https:\/\/matematikkocu.com\/index.php\/wp-json\/wp\/v2\/pages\/5511\/revisions"}],"wp:attachment":[{"href":"https:\/\/matematikkocu.com\/index.php\/wp-json\/wp\/v2\/media?parent=5511"}],"curies":[{"name":"wp","href":"https:\/\/api.w.org\/{rel}","templated":true}]}}