{"id":5789,"date":"2023-09-17T19:22:48","date_gmt":"2023-09-17T16:22:48","guid":{"rendered":"https:\/\/matematikkocu.com\/?page_id=5789"},"modified":"2023-09-24T23:56:20","modified_gmt":"2023-09-24T20:56:20","slug":"nasil-calisir","status":"publish","type":"page","link":"https:\/\/matematikkocu.com\/index.php\/nasil-calisir\/","title":{"rendered":"Nas\u0131l \u00c7al\u0131\u015f\u0131r"},"content":{"rendered":"\n<div class=\"wp-block-group alignfull has-background-secondary-background-color has-background is-layout-constrained\" style=\"padding-top:var(--wp--preset--spacing--70);padding-right:30px;padding-bottom:var(--wp--preset--spacing--70);padding-left:30px\">\n<div class=\"wp-block-columns alignwide are-vertically-aligned-center is-layout-flex wp-container-23\">\n<div class=\"wp-block-column is-vertically-aligned-center has-background is-layout-flow\" style=\"background-color:#ffb25900;padding-top:0;padding-right:0;padding-bottom:0;padding-left:0;flex-basis:30%\">\n<div class=\"wp-block-group animated animated-fadeInUp has-primary-background-color has-background is-layout-constrained\" style=\"padding-top:0;padding-right:0;padding-bottom:0;padding-left:0\">\n<div class=\"wp-block-group has-shadow-dark has-background-background-color has-background is-layout-flow wp-container-2\" style=\"border-style:none;border-width:0px;border-radius:0px;padding-top:40px;padding-right:40px;padding-bottom:40px;padding-left:40px\">\n<div class=\"wp-block-group is-layout-flow wp-container-1\">\n<h3 class=\"wp-block-heading has-text-align-center has-foreground-color has-text-color has-link-color has-large-font-size wp-elements-1c28292ea9e7c767ad1d2137bead4167\" style=\"font-style:normal;font-weight:700;text-transform:capitalize\"><a href=\"#\"> <\/a>\u00dc\u00e7 ad\u0131mda Derse Ba\u015flamak \u00c7ok Kolay<\/h3>\n<\/div>\n\n\n\n<p class=\"has-text-align-center has-foreground-color has-text-color has-small-font-size\">Matematik Ko\u00e7u ile ki\u015fiye uygun programla \u00fc\u00e7 ad\u0131mda matemati\u011fi \u00f6\u011frenmeye ba\u015fla<\/p>\n\n\n<div class=\"aligncenter wp-block-site-logo\"><a href=\"https:\/\/matematikkocu.com\/\" class=\"custom-logo-link\" rel=\"home\"><img loading=\"lazy\" width=\"126\" height=\"84\" src=\"https:\/\/matematikkocu.com\/wp-content\/uploads\/2023\/06\/Adsiz-tasarim-8.png\" class=\"custom-logo\" alt=\"Matematik Ko\u00e7u\" decoding=\"async\" srcset=\"https:\/\/matematikkocu.com\/wp-content\/uploads\/2023\/06\/Adsiz-tasarim-8.png 1500w, https:\/\/matematikkocu.com\/wp-content\/uploads\/2023\/06\/Adsiz-tasarim-8-300x200.png 300w, https:\/\/matematikkocu.com\/wp-content\/uploads\/2023\/06\/Adsiz-tasarim-8-1024x683.png 1024w, https:\/\/matematikkocu.com\/wp-content\/uploads\/2023\/06\/Adsiz-tasarim-8-768x512.png 768w, https:\/\/matematikkocu.com\/wp-content\/uploads\/2023\/06\/Adsiz-tasarim-8-540x360.png 540w, https:\/\/matematikkocu.com\/wp-content\/uploads\/2023\/06\/Adsiz-tasarim-8-1080x720.png 1080w, https:\/\/matematikkocu.com\/wp-content\/uploads\/2023\/06\/Adsiz-tasarim-8-1110x740.png 1110w\" sizes=\"(max-width: 126px) 100vw, 126px\" \/><\/a><\/div><\/div>\n<\/div>\n<\/div>\n\n\n\n<div class=\"wp-block-column is-vertically-aligned-center has-background is-layout-flow\" style=\"background-color:#ffb25900\">\n<div class=\"wp-block-group animated animated-fadeInUp has-primary-background-color has-background is-layout-constrained\" style=\"padding-top:0;padding-right:0;padding-bottom:0;padding-left:0\">\n<div class=\"wp-block-group has-shadow-dark has-background-background-color has-background is-layout-flow wp-container-8\" style=\"border-style:none;border-width:0px;border-radius:0px;padding-top:40px;padding-right:40px;padding-bottom:40px;padding-left:40px\">\n<div class=\"wp-block-group is-content-justification-left is-nowrap is-layout-flex wp-container-5\" style=\"padding-bottom:10px\">\n<figure class=\"wp-block-image alignleft size-large\"><img decoding=\"async\" src=\"https:\/\/matematikkocu.com\/wp-content\/uploads\/2023\/09\/image.png\" alt=\"\"\/><\/figure>\n<\/div>\n\n\n\n<div class=\"wp-block-group is-layout-flow wp-container-6\">\n<h3 class=\"wp-block-heading has-text-align-left has-foreground-color has-text-color has-link-color has-normal-font-size wp-elements-346e2a209f07a7faffb2449ef090987b\" style=\"text-transform:uppercase\">ADIM 1: \u0130let\u0130\u015f\u0130m<\/h3>\n<\/div>\n\n\n\n<p class=\"has-text-align-center has-small-font-size\">Ders talep formunu doldur ya da WhatsApp&#8217;tan bize ula\u015f<\/p>\n\n\n\n<div class=\"wp-block-buttons is-content-justification-center is-layout-flex wp-container-7\"><\/div>\n<\/div>\n<\/div>\n<\/div>\n\n\n\n<div class=\"wp-block-column is-vertically-aligned-center has-background is-layout-flow\" style=\"background-color:#ffb25900\">\n<div class=\"wp-block-group animated animated-fadeInUp has-primary-background-color has-background is-layout-constrained\" style=\"padding-top:0;padding-right:0;padding-bottom:0;padding-left:0\">\n<div class=\"wp-block-group has-shadow-dark has-background-background-color has-background is-layout-flow wp-container-14\" style=\"border-style:none;border-width:0px;border-radius:0px;padding-top:40px;padding-right:40px;padding-bottom:40px;padding-left:40px\">\n<div class=\"wp-block-group is-content-justification-left is-nowrap is-layout-flex wp-container-11\" style=\"padding-bottom:10px\">\n<figure class=\"wp-block-image alignleft size-large\"><img decoding=\"async\" src=\"https:\/\/matematikkocu.com\/wp-content\/uploads\/2023\/09\/image.png\" alt=\"\"\/><\/figure>\n<\/div>\n\n\n\n<div class=\"wp-block-group is-layout-flow wp-container-12\">\n<h3 class=\"wp-block-heading has-text-align-left has-foreground-color has-text-color has-link-color has-normal-font-size wp-elements-2a06b755ce7ecfc7441321692c03bc5a\" style=\"text-transform:uppercase\">ADIM 2: tan\u0131\u015fma<\/h3>\n<\/div>\n\n\n\n<p class=\"has-text-align-center has-small-font-size\">\u00d6nceden belirlenen g\u00fcn ve saatte \u00fccretsiz tan\u0131\u015fma dersine kat\u0131l<\/p>\n\n\n\n<div class=\"wp-block-buttons is-content-justification-center is-layout-flex wp-container-13\"><\/div>\n<\/div>\n<\/div>\n<\/div>\n\n\n\n<div class=\"wp-block-column is-vertically-aligned-center has-background is-layout-flow\" style=\"background-color:#ffb25900\">\n<div class=\"wp-block-group animated animated-fadeInUp has-primary-background-color has-background is-layout-constrained\" style=\"padding-top:0;padding-right:0;padding-bottom:0;padding-left:0\">\n<div class=\"wp-block-group has-shadow-dark has-background-background-color has-background is-layout-flow wp-container-20\" style=\"border-style:none;border-width:0px;border-radius:0px;padding-top:40px;padding-right:40px;padding-bottom:40px;padding-left:40px\">\n<div class=\"wp-block-group is-content-justification-left is-nowrap is-layout-flex wp-container-17\" style=\"padding-bottom:10px\">\n<figure class=\"wp-block-image alignleft size-large\"><img decoding=\"async\" src=\"https:\/\/matematikkocu.com\/wp-content\/uploads\/2023\/09\/image.png\" alt=\"\"\/><\/figure>\n<\/div>\n\n\n\n<div class=\"wp-block-group is-layout-flow wp-container-18\">\n<h3 class=\"wp-block-heading has-text-align-left has-foreground-color has-text-color has-link-color has-normal-font-size wp-elements-f3ecdb2ac1309ef88d6b29cb29a7144b\" style=\"text-transform:uppercase\">ADIM 3: program<\/h3>\n<\/div>\n\n\n\n<p class=\"has-text-align-center has-small-font-size\">Dersten sonra e\u011fitmen e\u015fli\u011finde ihtiyaca g\u00f6re program olu\u015fturup \u00f6\u011frenmenin tad\u0131n\u0131 \u00e7\u0131kar<\/p>\n\n\n\n<div class=\"wp-block-buttons is-content-justification-center is-layout-flex wp-container-19\"><\/div>\n<\/div>\n<\/div>\n<\/div>\n<\/div>\n\n\n\n<div class=\"wp-block-buttons is-content-justification-center is-layout-flex wp-container-24\">\n<div class=\"wp-block-button has-custom-font-size has-normal-font-size\" style=\"text-transform:capitalize\"><a class=\"wp-block-button__link has-foreground-color has-text-color has-link-color has-text-align-center wp-element-button\" href=\"https:\/\/docs.google.com\/forms\/d\/e\/1FAIpQLSd68B23f_JLzhWZ6VtH0BOIjucQ4vuoAKD0hj9D6SGPja3LOQ\/viewform\" target=\"_blank\" rel=\"noreferrer noopener\">Ba\u015fla<\/a><\/div>\n<\/div>\n<\/div>\n","protected":false},"excerpt":{"rendered":"<p>\u00dc\u00e7 ad\u0131mda Derse Ba\u015flamak \u00c7ok Kolay Matematik Ko\u00e7u ile ki\u015fiye uygun programla \u00fc\u00e7 ad\u0131mda matemati\u011fi [&hellip;]<\/p>\n","protected":false},"author":1,"featured_media":0,"parent":0,"menu_order":0,"comment_status":"closed","ping_status":"closed","template":"","meta":{"_EventAllDay":false,"_EventTimezone":"","_EventStartDate":"","_EventEndDate":"","_EventStartDateUTC":"","_EventEndDateUTC":"","_EventShowMap":false,"_EventShowMapLink":false,"_EventURL":"","_EventCost":"","_EventCostDescription":"","_EventCurrencySymbol":"","_EventCurrencyCode":"","_EventCurrencyPosition":"","_EventDateTimeSeparator":"","_EventTimeRangeSeparator":"","_EventOrganizerID":[],"_EventVenueID":[],"_OrganizerEmail":"","_OrganizerPhone":"","_OrganizerWebsite":"","_VenueAddress":"","_VenueCity":"","_VenueCountry":"","_VenueProvince":"","_VenueState":"","_VenueZip":"","_VenuePhone":"","_VenueURL":"","_VenueStateProvince":"","_VenueLat":"","_VenueLng":"","_VenueShowMap":false,"_VenueShowMapLink":false,"_glsr_average":0,"_glsr_ranking":0,"_glsr_reviews":0},"aioseo_notices":[],"_links":{"self":[{"href":"https:\/\/matematikkocu.com\/index.php\/wp-json\/wp\/v2\/pages\/5789"}],"collection":[{"href":"https:\/\/matematikkocu.com\/index.php\/wp-json\/wp\/v2\/pages"}],"about":[{"href":"https:\/\/matematikkocu.com\/index.php\/wp-json\/wp\/v2\/types\/page"}],"author":[{"embeddable":true,"href":"https:\/\/matematikkocu.com\/index.php\/wp-json\/wp\/v2\/users\/1"}],"replies":[{"embeddable":true,"href":"https:\/\/matematikkocu.com\/index.php\/wp-json\/wp\/v2\/comments?post=5789"}],"version-history":[{"count":2,"href":"https:\/\/matematikkocu.com\/index.php\/wp-json\/wp\/v2\/pages\/5789\/revisions"}],"predecessor-version":[{"id":5988,"href":"https:\/\/matematikkocu.com\/index.php\/wp-json\/wp\/v2\/pages\/5789\/revisions\/5988"}],"wp:attachment":[{"href":"https:\/\/matematikkocu.com\/index.php\/wp-json\/wp\/v2\/media?parent=5789"}],"curies":[{"name":"wp","href":"https:\/\/api.w.org\/{rel}","templated":true}]}}