{"id":5792,"date":"2023-09-17T19:27:10","date_gmt":"2023-09-17T16:27:10","guid":{"rendered":"https:\/\/matematikkocu.com\/?page_id=5792"},"modified":"2023-10-04T23:14:58","modified_gmt":"2023-10-04T20:14:58","slug":"5792-2","status":"publish","type":"page","link":"https:\/\/matematikkocu.com\/index.php\/5792-2\/","title":{"rendered":""},"content":{"rendered":"\n<div class=\"wp-block-group alignfull has-foreground-color has-background-secondary-background-color has-text-color has-background is-layout-constrained\" style=\"padding-top:100px;padding-right:30px;padding-bottom:100px;padding-left:30px\">\n<div class=\"wp-block-group alignwide is-layout-flow wp-container-3\" style=\"padding-bottom:30px\">\n<div class=\"wp-block-group is-layout-constrained wp-container-2\">\n<div class=\"wp-block-group is-content-justification-center is-nowrap is-layout-flex wp-container-1\">\n<p class=\"has-text-align-center has-no-hover-shadow-dark animated animated-fadeInUp has-primary-color has-background-background-color has-text-color has-background has-small-font-size\" style=\"padding-top:0;padding-right:var(--wp--preset--spacing--40);padding-bottom:0;padding-left:var(--wp--preset--spacing--40);letter-spacing:0px\">PLAN SE\u00c7\u0130N<\/p>\n<\/div>\n\n\n\n<p class=\"has-text-align-center has-foreground-color has-text-color has-huge-font-size\"><strong>DERS PAKETLER\u0130<\/strong><\/p>\n<\/div>\n<\/div>\n\n\n\n<div class=\"wp-block-columns alignwide is-layout-flex wp-container-24\">\n<div class=\"wp-block-column has-background is-layout-flow\" style=\"background-color:#ffb25900\">\n<div class=\"wp-block-group animated animated-fadeInUp has-primary-background-color has-background is-layout-constrained\" style=\"padding-top:0;padding-right:0;padding-bottom:0px;padding-left:0\">\n<div class=\"wp-block-group has-shadow-dark has-background-background-color has-background is-layout-flow wp-container-6\" style=\"border-style:none;border-width:0px;border-radius:0px;padding-top:30px;padding-right:30px;padding-bottom:30px;padding-left:30px\">\n<div class=\"wp-block-group alignwide is-content-justification-center is-nowrap is-layout-flex wp-container-4\" style=\"padding-bottom:10px\">\n<figure class=\"wp-block-image alignleft size-large\"><img decoding=\"async\" src=\"https:\/\/matematikkocu.com\/wp-content\/themes\/gutenify-business\/images\/service-8.png\" alt=\"\"\/><\/figure>\n<\/div>\n\n\n\n<div class=\"wp-block-group is-layout-flow wp-container-5\">\n<h3 class=\"wp-block-heading has-text-align-center has-foreground-color has-text-color has-link-color wp-elements-b5fdc1b3ced5aa7e8c9b564b7e0e8c93\" style=\"font-style:normal;font-weight:600;text-transform:capitalize\">YKS<\/h3>\n<\/div>\n\n\n\n<p class=\"has-text-align-center\">12.s\u0131n\u0131f ve mezun gruplar i\u00e7in \u00f6zel plan ve programlar <\/p>\n\n\n\n<p class=\"has-text-align-center has-no-underline has-link-color wp-elements-5040fd9fcf1de8d147278610b3da2a09\"><a href=\"https:\/\/matematikkocu.com\/index.php\/yks-paketi\/\">Detayl\u0131 Bilgi<\/a><\/p>\n<\/div>\n<\/div>\n<\/div>\n\n\n\n<div class=\"wp-block-column has-background is-layout-flow\" style=\"background-color:#ffb25900\">\n<div class=\"wp-block-group animated animated-fadeInUp has-primary-background-color has-background is-layout-constrained\" style=\"padding-top:0;padding-right:0;padding-bottom:0px;padding-left:0\">\n<div class=\"wp-block-group has-shadow-dark has-background-background-color has-background is-layout-flow wp-container-11\" style=\"border-style:none;border-width:0px;border-radius:0px;padding-top:30px;padding-right:30px;padding-bottom:30px;padding-left:30px\">\n<div class=\"wp-block-group is-content-justification-center is-nowrap is-layout-flex wp-container-9\" style=\"padding-bottom:10px\">\n<figure class=\"wp-block-image alignleft size-full\"><img decoding=\"async\" loading=\"lazy\" width=\"80\" height=\"80\" src=\"https:\/\/matematikkocu.com\/wp-content\/uploads\/2023\/09\/image.png\" alt=\"\" class=\"wp-image-5782\" srcset=\"https:\/\/matematikkocu.com\/wp-content\/uploads\/2023\/09\/image.png 80w, https:\/\/matematikkocu.com\/wp-content\/uploads\/2023\/09\/image-75x75.png 75w\" sizes=\"(max-width: 80px) 100vw, 80px\" \/><\/figure>\n<\/div>\n\n\n\n<div class=\"wp-block-group is-layout-flow wp-container-10\">\n<h3 class=\"wp-block-heading has-text-align-center has-foreground-color has-text-color has-link-color wp-elements-3a9921221fc2ebae8e136b921ad83c74\" style=\"font-style:normal;font-weight:600;text-transform:capitalize\">TYT<\/h3>\n<\/div>\n\n\n\n<p class=\"has-text-align-center\">12.s\u0131n\u0131f ve mezunlar i\u00e7in ki\u015fiye \u00f6zel plan ve programlar<\/p>\n\n\n\n<p class=\"has-text-align-center has-no-underline has-text-color has-link-color wp-elements-b8fc23786a24bc19c5879d8adcf34dae\" style=\"color:#5271ff\"><a href=\"https:\/\/matematikkocu.com\/index.php\/tyt-ders-paketi\/\">Detayl\u0131 Bilgi<\/a><\/p>\n<\/div>\n<\/div>\n<\/div>\n\n\n\n<div class=\"wp-block-column has-background is-layout-flow\" style=\"background-color:#ffb25900\">\n<div class=\"wp-block-group animated animated-fadeInUp has-primary-background-color has-background is-layout-constrained\" style=\"padding-top:0;padding-right:0;padding-bottom:0px;padding-left:0\">\n<div class=\"wp-block-group has-shadow-dark has-background-background-color has-background is-layout-flow wp-container-16\" style=\"border-style:none;border-width:0px;border-radius:0px;padding-top:30px;padding-right:30px;padding-bottom:30px;padding-left:30px\">\n<div class=\"wp-block-group is-content-justification-center is-nowrap is-layout-flex wp-container-14\" style=\"padding-bottom:10px\">\n<figure class=\"wp-block-image alignleft size-large\"><img decoding=\"async\" src=\"https:\/\/matematikkocu.com\/wp-content\/themes\/gutenify-business\/images\/service-8.png\" alt=\"\"\/><\/figure>\n<\/div>\n\n\n\n<div class=\"wp-block-group is-layout-flow wp-container-15\">\n<h3 class=\"wp-block-heading alignwide has-text-align-center has-foreground-color has-text-color has-link-color wp-elements-3ffe603d18f6e2cad7f3b052c1a7f9ec\" style=\"font-style:normal;font-weight:600;text-transform:capitalize\">LGS<\/h3>\n<\/div>\n\n\n\n<p class=\"has-text-align-center\">8.s\u0131n\u0131flar i\u00e7in ki\u015fiye \u00f6zel plan ve programlar<\/p>\n\n\n\n<p class=\"has-text-align-center has-no-underline has-link-color wp-elements-49e8dd7e96d0dee4cd7512549f2015c7\"><a href=\"https:\/\/matematikkocu.com\/index.php\/lgs-ders-paketi\/\">Detayl\u0131 Bilgi<\/a><\/p>\n<\/div>\n<\/div>\n<\/div>\n\n\n\n<div class=\"wp-block-column has-background is-layout-flow\" style=\"background-color:#ffb25900\">\n<div class=\"wp-block-group animated animated-fadeInUp has-primary-background-color has-background is-layout-constrained\" style=\"padding-top:0;padding-right:0;padding-bottom:0px;padding-left:0\">\n<div class=\"wp-block-group has-shadow-dark has-background-background-color has-background is-layout-flow wp-container-21\" style=\"border-style:none;border-width:0px;border-radius:0px;padding-top:30px;padding-right:30px;padding-bottom:30px;padding-left:30px\">\n<div class=\"wp-block-group is-content-justification-center is-nowrap is-layout-flex wp-container-19\" style=\"padding-bottom:10px\">\n<figure class=\"wp-block-image alignleft size-large\"><img decoding=\"async\" src=\"https:\/\/matematikkocu.com\/wp-content\/themes\/gutenify-business\/images\/service-8.png\" alt=\"\"\/><\/figure>\n<\/div>\n\n\n\n<div class=\"wp-block-group is-layout-flow wp-container-20\">\n<h3 class=\"wp-block-heading alignwide has-text-align-center has-foreground-color has-text-color has-link-color wp-elements-56dcfb02072f65d779480bf9ac214724\" style=\"font-style:normal;font-weight:600;text-transform:capitalize\">ALES<\/h3>\n<\/div>\n\n\n\n<p class=\"has-text-align-center\">Lisans \u00f6\u011frencisi ve Lisans mezunlar\u0131 i\u00e7in<\/p>\n\n\n\n<p class=\"has-text-align-center has-no-underline has-link-color wp-elements-4f393066e0408471502548be28b17eb4\"><a href=\"https:\/\/matematikkocu.com\/index.php\/ales-ders-paketi\/\">Detayl\u0131 Bilgi<\/a><\/p>\n<\/div>\n<\/div>\n<\/div>\n<\/div>\n\n\n\n<div class=\"wp-block-columns alignwide is-layout-flex wp-container-45\">\n<div class=\"wp-block-column has-background is-layout-flow\" style=\"background-color:#ffb25900\">\n<div class=\"wp-block-group animated animated-fadeInUp has-primary-background-color has-background is-layout-constrained\" style=\"padding-top:0;padding-right:0;padding-bottom:0px;padding-left:0\">\n<div class=\"wp-block-group has-shadow-dark has-background-background-color has-background is-layout-flow wp-container-27\" style=\"border-style:none;border-width:0px;border-radius:0px;padding-top:30px;padding-right:30px;padding-bottom:30px;padding-left:30px\">\n<div class=\"wp-block-group is-content-justification-center is-nowrap is-layout-flex wp-container-25\" style=\"padding-bottom:10px\">\n<figure class=\"wp-block-image alignleft size-large\"><img decoding=\"async\" src=\"https:\/\/matematikkocu.com\/wp-content\/themes\/gutenify-business\/images\/service-8.png\" alt=\"\"\/><\/figure>\n<\/div>\n\n\n\n<div class=\"wp-block-group is-layout-flow wp-container-26\">\n<h3 class=\"wp-block-heading has-text-align-center has-foreground-color has-text-color has-link-color wp-elements-acdf1772530c5b1af322f8b6d6afbb62\" style=\"font-style:normal;font-weight:600;text-transform:capitalize\">KPSS-DGS<\/h3>\n<\/div>\n\n\n\n<p class=\"has-text-align-center\">\u00d6nlisans ve lisans mezunlar\u0131 i\u00e7in \u00f6zel plan ve programlar <\/p>\n\n\n\n<p class=\"has-text-align-center has-no-underline has-link-color wp-elements-c625bf861d395d1250673e615f13ec60\"><a href=\"https:\/\/matematikkocu.com\/index.php\/kpss-dgs-ders-paketi\/\">Detayl\u0131 Bilgi<\/a><\/p>\n<\/div>\n<\/div>\n<\/div>\n\n\n\n<div class=\"wp-block-column has-background is-layout-flow\" style=\"background-color:#ffb25900\">\n<div class=\"wp-block-group animated animated-fadeInUp has-primary-background-color has-background is-layout-constrained\" style=\"padding-top:0;padding-right:0;padding-bottom:0px;padding-left:0\">\n<div class=\"wp-block-group has-shadow-dark has-background-background-color has-background is-layout-flow wp-container-32\" style=\"border-style:none;border-width:0px;border-radius:0px;padding-top:30px;padding-right:30px;padding-bottom:30px;padding-left:30px\">\n<div class=\"wp-block-group is-content-justification-center is-nowrap is-layout-flex wp-container-30\" style=\"padding-bottom:10px\">\n<figure class=\"wp-block-image alignleft size-large\"><img decoding=\"async\" src=\"https:\/\/matematikkocu.com\/wp-content\/themes\/gutenify-business\/images\/service-8.png\" alt=\"\"\/><\/figure>\n<\/div>\n\n\n\n<div class=\"wp-block-group is-layout-flow wp-container-31\">\n<h3 class=\"wp-block-heading has-text-align-center has-foreground-color has-text-color has-link-color wp-elements-8c9fdd5483b7faaf3066cec75bb55039\" style=\"font-style:normal;font-weight:600;text-transform:capitalize\">5-6-7. SINIFLAR<\/h3>\n<\/div>\n\n\n\n<p class=\"has-text-align-center\">5,6,7. s\u0131n\u0131flar i\u00e7in ki\u015fiye \u00f6zel plan ve programlar<\/p>\n\n\n\n<p class=\"has-text-align-center has-no-underline has-link-color wp-elements-6566a3042a417c70519d1a27beb00946\"><a href=\"https:\/\/matematikkocu.com\/index.php\/5-6-7-siniflar-ders-paketi\/\">Detayl\u0131 Bilgi<\/a><\/p>\n<\/div>\n<\/div>\n<\/div>\n\n\n\n<div class=\"wp-block-column has-background is-layout-flow\" style=\"background-color:#ffb25900\">\n<div class=\"wp-block-group animated animated-fadeInUp has-primary-background-color has-background is-layout-constrained\" style=\"padding-top:0;padding-right:0;padding-bottom:0px;padding-left:0\">\n<div class=\"wp-block-group has-shadow-dark has-background-background-color has-background is-layout-flow wp-container-37\" style=\"border-style:none;border-width:0px;border-radius:0px;padding-top:30px;padding-right:30px;padding-bottom:30px;padding-left:30px\">\n<div class=\"wp-block-group is-content-justification-center is-nowrap is-layout-flex wp-container-35\" style=\"padding-bottom:10px\">\n<figure class=\"wp-block-image alignleft size-large\"><img decoding=\"async\" src=\"https:\/\/matematikkocu.com\/wp-content\/themes\/gutenify-business\/images\/service-8.png\" alt=\"\"\/><\/figure>\n<\/div>\n\n\n\n<div class=\"wp-block-group is-layout-flow wp-container-36\">\n<h3 class=\"wp-block-heading has-text-align-center has-foreground-color has-text-color has-link-color wp-elements-a351b1ced0fc9f41f6c9aa2fdefb8947\" style=\"font-style:normal;font-weight:600;text-transform:capitalize\">9-10-11.SINIFLAR<\/h3>\n<\/div>\n\n\n\n<p class=\"has-text-align-center\">9,10,11. s\u0131n\u0131flar i\u00e7in ki\u015fiye \u00f6zel plan ve programlar<\/p>\n\n\n\n<p class=\"has-text-align-center has-no-underline has-link-color wp-elements-45728200510b874abdf39145a3219eca\"><a href=\"https:\/\/matematikkocu.com\/index.php\/9-10-11-siniflar-icin-ders-paketi\/\">Detayl\u0131 Bilgi<\/a><\/p>\n<\/div>\n<\/div>\n<\/div>\n\n\n\n<div class=\"wp-block-column has-background is-layout-flow\" style=\"background-color:#ffb25900\">\n<div class=\"wp-block-group animated animated-fadeInUp has-primary-background-color has-background is-layout-constrained\" style=\"padding-top:0;padding-right:0;padding-bottom:0px;padding-left:0\">\n<div class=\"wp-block-group has-shadow-dark has-background-background-color has-background is-layout-flow wp-container-42\" style=\"border-style:none;border-width:0px;border-radius:0px;padding-top:30px;padding-right:30px;padding-bottom:30px;padding-left:30px\">\n<div class=\"wp-block-group is-content-justification-center is-nowrap is-layout-flex wp-container-40\" style=\"padding-bottom:10px\">\n<figure class=\"wp-block-image alignleft size-full\"><img decoding=\"async\" src=\"https:\/\/matematikkocu.com\/wp-content\/themes\/gutenify-business\/images\/service-8.png\" alt=\"\" class=\"wp-image-218\"\/><\/figure>\n<\/div>\n\n\n\n<div class=\"wp-block-group is-layout-flow wp-container-41\">\n<h3 class=\"wp-block-heading has-text-align-center has-foreground-color has-text-color has-link-color wp-elements-9a08b9235bb5c16a20b75c5b4779c14d\" style=\"font-style:normal;font-weight:600;text-transform:capitalize\">\u00d6ZEL PAKET<\/h3>\n<\/div>\n\n\n\n<p class=\"has-text-align-center\">Her ya\u015fa ve seviyeye uygun plan ve programlar i\u00e7in<\/p>\n\n\n\n<p class=\"has-text-align-center has-no-underline has-link-color wp-elements-528b69567af72b204f7e137001825244\"><a href=\"https:\/\/matematikkocu.com\/index.php\/ozel-paket\/\">Detayl\u0131 Bilgi<\/a><\/p>\n<\/div>\n<\/div>\n<\/div>\n<\/div>\n<\/div>\n","protected":false},"excerpt":{"rendered":"<p>PLAN SE\u00c7\u0130N DERS PAKETLER\u0130 YKS 12.s\u0131n\u0131f ve mezun gruplar i\u00e7in \u00f6zel plan ve programlar Detayl\u0131 [&hellip;]<\/p>\n","protected":false},"author":1,"featured_media":0,"parent":0,"menu_order":0,"comment_status":"closed","ping_status":"closed","template":"","meta":{"_EventAllDay":false,"_EventTimezone":"","_EventStartDate":"","_EventEndDate":"","_EventStartDateUTC":"","_EventEndDateUTC":"","_EventShowMap":false,"_EventShowMapLink":false,"_EventURL":"","_EventCost":"","_EventCostDescription":"","_EventCurrencySymbol":"","_EventCurrencyCode":"","_EventCurrencyPosition":"","_EventDateTimeSeparator":"","_EventTimeRangeSeparator":"","_EventOrganizerID":[],"_EventVenueID":[],"_OrganizerEmail":"","_OrganizerPhone":"","_OrganizerWebsite":"","_VenueAddress":"","_VenueCity":"","_VenueCountry":"","_VenueProvince":"","_VenueState":"","_VenueZip":"","_VenuePhone":"","_VenueURL":"","_VenueStateProvince":"","_VenueLat":"","_VenueLng":"","_VenueShowMap":false,"_VenueShowMapLink":false,"_glsr_average":0,"_glsr_ranking":0,"_glsr_reviews":0},"aioseo_notices":[],"_links":{"self":[{"href":"https:\/\/matematikkocu.com\/index.php\/wp-json\/wp\/v2\/pages\/5792"}],"collection":[{"href":"https:\/\/matematikkocu.com\/index.php\/wp-json\/wp\/v2\/pages"}],"about":[{"href":"https:\/\/matematikkocu.com\/index.php\/wp-json\/wp\/v2\/types\/page"}],"author":[{"embeddable":true,"href":"https:\/\/matematikkocu.com\/index.php\/wp-json\/wp\/v2\/users\/1"}],"replies":[{"embeddable":true,"href":"https:\/\/matematikkocu.com\/index.php\/wp-json\/wp\/v2\/comments?post=5792"}],"version-history":[{"count":4,"href":"https:\/\/matematikkocu.com\/index.php\/wp-json\/wp\/v2\/pages\/5792\/revisions"}],"predecessor-version":[{"id":6130,"href":"https:\/\/matematikkocu.com\/index.php\/wp-json\/wp\/v2\/pages\/5792\/revisions\/6130"}],"wp:attachment":[{"href":"https:\/\/matematikkocu.com\/index.php\/wp-json\/wp\/v2\/media?parent=5792"}],"curies":[{"name":"wp","href":"https:\/\/api.w.org\/{rel}","templated":true}]}}