{"id":6019,"date":"2023-09-30T21:53:51","date_gmt":"2023-09-30T18:53:51","guid":{"rendered":"https:\/\/matematikkocu.com\/?page_id=6019"},"modified":"2023-10-04T23:10:19","modified_gmt":"2023-10-04T20:10:19","slug":"9-10-11-siniflar-icin-ders-paketi","status":"publish","type":"page","link":"https:\/\/matematikkocu.com\/index.php\/9-10-11-siniflar-icin-ders-paketi\/","title":{"rendered":"9-10-11.SINIFLAR \u0130\u00c7\u0130N DERS PAKET\u0130"},"content":{"rendered":"\n<p>\u00c7ocu\u011funuzun okul derslerine yard\u0131mc\u0131 olmak, ders notunu iyile\u015ftirmek veya \u00f6devlerine yard\u0131mc\u0131 olmak i\u00e7in olu\u015fturulmu\u015f m\u00fckemmel bir paket. 9-10-11.s\u0131n\u0131flar i\u00e7in olu\u015fturulmu\u015f bu pakette, yeni nesil sorular\u0131n \u00e7\u00f6z\u00fcm\u00fcn\u00fc de kapsayacak \u015fekilde \u00e7ocu\u011funuz, matemati\u011fi sade anlat\u0131mla \u00f6\u011frenilebilecektir. \u00d6zg\u00fcven eksikli\u011fi, \u00f6nyarg\u0131 gibi bir\u00e7ok olumsuz durumu da g\u00f6z \u00f6n\u00fcnde bulundurarak hem s\u0131nav odakl\u0131 \u00e7al\u0131\u015f\u0131p hem de YKS s\u0131nav\u0131 i\u00e7in sa\u011flam bir temel at\u0131lm\u0131\u015f olacakt\u0131r.<\/p>\n\n\n\n<figure class=\"wp-block-image size-full\"><img decoding=\"async\" loading=\"lazy\" width=\"945\" height=\"494\" src=\"https:\/\/matematikkocu.com\/wp-content\/uploads\/2023\/10\/image-46.png\" alt=\"\" class=\"wp-image-6113\" srcset=\"https:\/\/matematikkocu.com\/wp-content\/uploads\/2023\/10\/image-46.png 945w, https:\/\/matematikkocu.com\/wp-content\/uploads\/2023\/10\/image-46-300x157.png 300w, https:\/\/matematikkocu.com\/wp-content\/uploads\/2023\/10\/image-46-768x401.png 768w\" sizes=\"(max-width: 945px) 100vw, 945px\" \/><\/figure>\n\n\n\n<p>Bununla birlikte yukar\u0131da belirtildi\u011fi gibi<\/p>\n\n\n\n<figure class=\"wp-block-image size-full\"><img decoding=\"async\" loading=\"lazy\" width=\"947\" height=\"509\" src=\"https:\/\/matematikkocu.com\/wp-content\/uploads\/2023\/10\/image-47.png\" alt=\"\" class=\"wp-image-6115\" srcset=\"https:\/\/matematikkocu.com\/wp-content\/uploads\/2023\/10\/image-47.png 947w, https:\/\/matematikkocu.com\/wp-content\/uploads\/2023\/10\/image-47-300x161.png 300w, https:\/\/matematikkocu.com\/wp-content\/uploads\/2023\/10\/image-47-768x413.png 768w\" sizes=\"(max-width: 947px) 100vw, 947px\" \/><\/figure>\n\n\n\n<p>Gibi durumlar\u0131 da ortadan kald\u0131rmaya y\u00f6nelik \u00e7al\u0131\u015fmalar haricinde matemati\u011fi sevdirmek i\u00e7in de gerekli \u00e7al\u0131\u015fma ayr\u0131ca yap\u0131lacakt\u0131r.<\/p>\n\n\n\n<figure class=\"wp-block-image size-full\"><img decoding=\"async\" loading=\"lazy\" width=\"945\" height=\"254\" src=\"https:\/\/matematikkocu.com\/wp-content\/uploads\/2023\/10\/image-48.png\" alt=\"\" class=\"wp-image-6116\" srcset=\"https:\/\/matematikkocu.com\/wp-content\/uploads\/2023\/10\/image-48.png 945w, https:\/\/matematikkocu.com\/wp-content\/uploads\/2023\/10\/image-48-300x81.png 300w, https:\/\/matematikkocu.com\/wp-content\/uploads\/2023\/10\/image-48-768x206.png 768w\" sizes=\"(max-width: 945px) 100vw, 945px\" \/><\/figure>\n\n\n\n<figure class=\"wp-block-image size-full\"><img decoding=\"async\" loading=\"lazy\" width=\"1000\" height=\"563\" src=\"https:\/\/matematikkocu.com\/wp-content\/uploads\/2023\/10\/image-49.png\" alt=\"\" class=\"wp-image-6117\" srcset=\"https:\/\/matematikkocu.com\/wp-content\/uploads\/2023\/10\/image-49.png 1000w, https:\/\/matematikkocu.com\/wp-content\/uploads\/2023\/10\/image-49-300x169.png 300w, https:\/\/matematikkocu.com\/wp-content\/uploads\/2023\/10\/image-49-768x432.png 768w\" sizes=\"(max-width: 1000px) 100vw, 1000px\" \/><\/figure>\n\n\n\n<figure class=\"wp-block-image size-full\"><img decoding=\"async\" loading=\"lazy\" width=\"1000\" height=\"563\" src=\"https:\/\/matematikkocu.com\/wp-content\/uploads\/2023\/10\/image-50.png\" alt=\"\" class=\"wp-image-6118\" srcset=\"https:\/\/matematikkocu.com\/wp-content\/uploads\/2023\/10\/image-50.png 1000w, https:\/\/matematikkocu.com\/wp-content\/uploads\/2023\/10\/image-50-300x169.png 300w, https:\/\/matematikkocu.com\/wp-content\/uploads\/2023\/10\/image-50-768x432.png 768w\" sizes=\"(max-width: 1000px) 100vw, 1000px\" \/><\/figure>\n\n\n\n<figure class=\"wp-block-image size-full\"><img decoding=\"async\" loading=\"lazy\" width=\"1000\" height=\"563\" src=\"https:\/\/matematikkocu.com\/wp-content\/uploads\/2023\/10\/image-51.png\" alt=\"\" class=\"wp-image-6119\" srcset=\"https:\/\/matematikkocu.com\/wp-content\/uploads\/2023\/10\/image-51.png 1000w, https:\/\/matematikkocu.com\/wp-content\/uploads\/2023\/10\/image-51-300x169.png 300w, https:\/\/matematikkocu.com\/wp-content\/uploads\/2023\/10\/image-51-768x432.png 768w\" sizes=\"(max-width: 1000px) 100vw, 1000px\" \/><\/figure>\n\n\n\n<p>T\u00fcm bu paketlerin d\u0131\u015f\u0131nda ki\u015fiye \u00f6zel program ve paket olu\u015fturulabilir. \u00d6zel paket i\u00e7in&nbsp;<a href=\"https:\/\/docs.google.com\/forms\/d\/e\/1FAIpQLSd68B23f_JLzhWZ6VtH0BOIjucQ4vuoAKD0hj9D6SGPja3LOQ\/viewform\" target=\"_blank\" rel=\"noreferrer noopener\">t\u0131klay\u0131n\u0131z<\/a>.<\/p>\n","protected":false},"excerpt":{"rendered":"<p>\u00c7ocu\u011funuzun okul derslerine yard\u0131mc\u0131 olmak, ders notunu iyile\u015ftirmek veya \u00f6devlerine yard\u0131mc\u0131 olmak i\u00e7in olu\u015fturulmu\u015f m\u00fckemmel [&hellip;]<\/p>\n","protected":false},"author":1,"featured_media":0,"parent":0,"menu_order":0,"comment_status":"closed","ping_status":"closed","template":"","meta":{"_EventAllDay":false,"_EventTimezone":"","_EventStartDate":"","_EventEndDate":"","_EventStartDateUTC":"","_EventEndDateUTC":"","_EventShowMap":false,"_EventShowMapLink":false,"_EventURL":"","_EventCost":"","_EventCostDescription":"","_EventCurrencySymbol":"","_EventCurrencyCode":"","_EventCurrencyPosition":"","_EventDateTimeSeparator":"","_EventTimeRangeSeparator":"","_EventOrganizerID":[],"_EventVenueID":[],"_OrganizerEmail":"","_OrganizerPhone":"","_OrganizerWebsite":"","_VenueAddress":"","_VenueCity":"","_VenueCountry":"","_VenueProvince":"","_VenueState":"","_VenueZip":"","_VenuePhone":"","_VenueURL":"","_VenueStateProvince":"","_VenueLat":"","_VenueLng":"","_VenueShowMap":false,"_VenueShowMapLink":false,"_glsr_average":0,"_glsr_ranking":0,"_glsr_reviews":0},"aioseo_notices":[],"_links":{"self":[{"href":"https:\/\/matematikkocu.com\/index.php\/wp-json\/wp\/v2\/pages\/6019"}],"collection":[{"href":"https:\/\/matematikkocu.com\/index.php\/wp-json\/wp\/v2\/pages"}],"about":[{"href":"https:\/\/matematikkocu.com\/index.php\/wp-json\/wp\/v2\/types\/page"}],"author":[{"embeddable":true,"href":"https:\/\/matematikkocu.com\/index.php\/wp-json\/wp\/v2\/users\/1"}],"replies":[{"embeddable":true,"href":"https:\/\/matematikkocu.com\/index.php\/wp-json\/wp\/v2\/comments?post=6019"}],"version-history":[{"count":2,"href":"https:\/\/matematikkocu.com\/index.php\/wp-json\/wp\/v2\/pages\/6019\/revisions"}],"predecessor-version":[{"id":6120,"href":"https:\/\/matematikkocu.com\/index.php\/wp-json\/wp\/v2\/pages\/6019\/revisions\/6120"}],"wp:attachment":[{"href":"https:\/\/matematikkocu.com\/index.php\/wp-json\/wp\/v2\/media?parent=6019"}],"curies":[{"name":"wp","href":"https:\/\/api.w.org\/{rel}","templated":true}]}}