{"id":6033,"date":"2023-09-30T22:05:32","date_gmt":"2023-09-30T19:05:32","guid":{"rendered":"https:\/\/matematikkocu.com\/?page_id=6033"},"modified":"2023-10-04T23:05:50","modified_gmt":"2023-10-04T20:05:50","slug":"lgs-ders-paketi","status":"publish","type":"page","link":"https:\/\/matematikkocu.com\/index.php\/lgs-ders-paketi\/","title":{"rendered":"LGS DERS PAKET\u0130"},"content":{"rendered":"\n<p class=\"has-text-align-left\">LGS\u2019de eksik olan konular\u0131 tamamlamak i\u00e7in m\u00fckemmel bir paket. Yeni nesil sorular\u0131n \u00e7\u00f6z\u00fcm\u00fcn\u00fc de kapsayan bu pakette \u00e7ocu\u011funuz, 8.s\u0131n\u0131f matemati\u011fin t\u00fcm konular\u0131n\u0131 sade anlat\u0131mla \u00f6\u011frenilebilecektir. \u00d6zg\u00fcven eksikli\u011fi, \u00f6nyarg\u0131 gibi bir\u00e7ok olumsuz durumu da g\u00f6z \u00f6n\u00fcnde bulundurarak hem s\u0131nav odakl\u0131 \u00e7al\u0131\u015f\u0131p hem de lise d\u00f6nemi i\u00e7in sa\u011flam bir temel at\u0131lm\u0131\u015f olacakt\u0131r.<\/p>\n\n\n\n<figure class=\"wp-block-image size-full\"><img decoding=\"async\" loading=\"lazy\" width=\"945\" height=\"494\" src=\"https:\/\/matematikkocu.com\/wp-content\/uploads\/2023\/10\/image-39.png\" alt=\"\" class=\"wp-image-6104\" srcset=\"https:\/\/matematikkocu.com\/wp-content\/uploads\/2023\/10\/image-39.png 945w, https:\/\/matematikkocu.com\/wp-content\/uploads\/2023\/10\/image-39-300x157.png 300w, https:\/\/matematikkocu.com\/wp-content\/uploads\/2023\/10\/image-39-768x401.png 768w\" sizes=\"(max-width: 945px) 100vw, 945px\" \/><\/figure>\n\n\n\n<p>Bununla birlikte yukar\u0131da belirtildi\u011fi gibi<\/p>\n\n\n\n<figure class=\"wp-block-image size-full\"><img decoding=\"async\" loading=\"lazy\" width=\"947\" height=\"532\" src=\"https:\/\/matematikkocu.com\/wp-content\/uploads\/2023\/10\/image-40.png\" alt=\"\" class=\"wp-image-6106\" srcset=\"https:\/\/matematikkocu.com\/wp-content\/uploads\/2023\/10\/image-40.png 947w, https:\/\/matematikkocu.com\/wp-content\/uploads\/2023\/10\/image-40-300x169.png 300w, https:\/\/matematikkocu.com\/wp-content\/uploads\/2023\/10\/image-40-768x431.png 768w\" sizes=\"(max-width: 947px) 100vw, 947px\" \/><\/figure>\n\n\n\n<p>Gibi durumlar\u0131 da ortadan kald\u0131rmaya y\u00f6nelik \u00e7al\u0131\u015fmalar haricinde matemati\u011fi sevdirmek i\u00e7in de gerekli \u00e7al\u0131\u015fma ayr\u0131ca yap\u0131lacakt\u0131r.<\/p>\n\n\n\n<p>Ve de ayr\u0131ca a\u015fa\u011f\u0131daki \u00f6rnek tablo ve \u00e7izelgelerle geli\u015fim s\u00fcreci takip edilir. Ders performans tablosu, Haftal\u0131k deneme raporu, Haftal\u0131k ders program\u0131 bunlardan birka\u00e7\u0131\u2026<\/p>\n\n\n\n<figure class=\"wp-block-image size-full\"><img decoding=\"async\" loading=\"lazy\" width=\"945\" height=\"523\" src=\"https:\/\/matematikkocu.com\/wp-content\/uploads\/2023\/10\/image-41.png\" alt=\"\" class=\"wp-image-6107\" srcset=\"https:\/\/matematikkocu.com\/wp-content\/uploads\/2023\/10\/image-41.png 945w, https:\/\/matematikkocu.com\/wp-content\/uploads\/2023\/10\/image-41-300x166.png 300w, https:\/\/matematikkocu.com\/wp-content\/uploads\/2023\/10\/image-41-768x425.png 768w\" sizes=\"(max-width: 945px) 100vw, 945px\" \/><\/figure>\n\n\n\n<figure class=\"wp-block-image size-full is-resized\"><img decoding=\"async\" loading=\"lazy\" src=\"https:\/\/matematikkocu.com\/wp-content\/uploads\/2023\/10\/Ekran-goruntusu-2023-10-04-222541.png\" alt=\"\" class=\"wp-image-6055\" width=\"750\" height=\"501\" srcset=\"https:\/\/matematikkocu.com\/wp-content\/uploads\/2023\/10\/Ekran-goruntusu-2023-10-04-222541.png 627w, https:\/\/matematikkocu.com\/wp-content\/uploads\/2023\/10\/Ekran-goruntusu-2023-10-04-222541-300x200.png 300w\" sizes=\"(max-width: 750px) 100vw, 750px\" \/><\/figure>\n\n\n\n<figure class=\"wp-block-image size-full\"><img decoding=\"async\" loading=\"lazy\" width=\"956\" height=\"173\" src=\"https:\/\/matematikkocu.com\/wp-content\/uploads\/2023\/10\/image-42.png\" alt=\"\" class=\"wp-image-6108\" srcset=\"https:\/\/matematikkocu.com\/wp-content\/uploads\/2023\/10\/image-42.png 956w, https:\/\/matematikkocu.com\/wp-content\/uploads\/2023\/10\/image-42-300x54.png 300w, https:\/\/matematikkocu.com\/wp-content\/uploads\/2023\/10\/image-42-768x139.png 768w\" sizes=\"(max-width: 956px) 100vw, 956px\" \/><\/figure>\n\n\n\n<figure class=\"wp-block-image size-full\"><img decoding=\"async\" loading=\"lazy\" width=\"945\" height=\"349\" src=\"https:\/\/matematikkocu.com\/wp-content\/uploads\/2023\/10\/image-43.png\" alt=\"\" class=\"wp-image-6109\" srcset=\"https:\/\/matematikkocu.com\/wp-content\/uploads\/2023\/10\/image-43.png 945w, https:\/\/matematikkocu.com\/wp-content\/uploads\/2023\/10\/image-43-300x111.png 300w, https:\/\/matematikkocu.com\/wp-content\/uploads\/2023\/10\/image-43-768x284.png 768w\" sizes=\"(max-width: 945px) 100vw, 945px\" \/><\/figure>\n\n\n\n<figure class=\"wp-block-image size-full\"><img decoding=\"async\" loading=\"lazy\" width=\"945\" height=\"254\" src=\"https:\/\/matematikkocu.com\/wp-content\/uploads\/2023\/10\/image-44.png\" alt=\"\" class=\"wp-image-6110\" srcset=\"https:\/\/matematikkocu.com\/wp-content\/uploads\/2023\/10\/image-44.png 945w, https:\/\/matematikkocu.com\/wp-content\/uploads\/2023\/10\/image-44-300x81.png 300w, https:\/\/matematikkocu.com\/wp-content\/uploads\/2023\/10\/image-44-768x206.png 768w\" sizes=\"(max-width: 945px) 100vw, 945px\" \/><\/figure>\n\n\n\n<figure class=\"wp-block-image size-full\"><img decoding=\"async\" loading=\"lazy\" width=\"1000\" height=\"563\" src=\"https:\/\/matematikkocu.com\/wp-content\/uploads\/2023\/10\/image-45.png\" alt=\"\" class=\"wp-image-6111\" srcset=\"https:\/\/matematikkocu.com\/wp-content\/uploads\/2023\/10\/image-45.png 1000w, https:\/\/matematikkocu.com\/wp-content\/uploads\/2023\/10\/image-45-300x169.png 300w, https:\/\/matematikkocu.com\/wp-content\/uploads\/2023\/10\/image-45-768x432.png 768w\" sizes=\"(max-width: 1000px) 100vw, 1000px\" \/><\/figure>\n\n\n\n<p>T\u00fcm bu paketlerin d\u0131\u015f\u0131nda ki\u015fiye \u00f6zel program ve paket olu\u015fturulabilir. \u00d6zel paket i\u00e7in\u00a0<a href=\"https:\/\/docs.google.com\/forms\/d\/e\/1FAIpQLSd68B23f_JLzhWZ6VtH0BOIjucQ4vuoAKD0hj9D6SGPja3LOQ\/viewform\" target=\"_blank\" rel=\"noreferrer noopener\">t\u0131klay\u0131n\u0131z<\/a>.<\/p>\n","protected":false},"excerpt":{"rendered":"<p>LGS\u2019de eksik olan konular\u0131 tamamlamak i\u00e7in m\u00fckemmel bir paket. Yeni nesil sorular\u0131n \u00e7\u00f6z\u00fcm\u00fcn\u00fc de kapsayan [&hellip;]<\/p>\n","protected":false},"author":1,"featured_media":0,"parent":0,"menu_order":0,"comment_status":"closed","ping_status":"closed","template":"","meta":{"_EventAllDay":false,"_EventTimezone":"","_EventStartDate":"","_EventEndDate":"","_EventStartDateUTC":"","_EventEndDateUTC":"","_EventShowMap":false,"_EventShowMapLink":false,"_EventURL":"","_EventCost":"","_EventCostDescription":"","_EventCurrencySymbol":"","_EventCurrencyCode":"","_EventCurrencyPosition":"","_EventDateTimeSeparator":"","_EventTimeRangeSeparator":"","_EventOrganizerID":[],"_EventVenueID":[],"_OrganizerEmail":"","_OrganizerPhone":"","_OrganizerWebsite":"","_VenueAddress":"","_VenueCity":"","_VenueCountry":"","_VenueProvince":"","_VenueState":"","_VenueZip":"","_VenuePhone":"","_VenueURL":"","_VenueStateProvince":"","_VenueLat":"","_VenueLng":"","_VenueShowMap":false,"_VenueShowMapLink":false,"_glsr_average":0,"_glsr_ranking":0,"_glsr_reviews":0},"aioseo_notices":[],"_links":{"self":[{"href":"https:\/\/matematikkocu.com\/index.php\/wp-json\/wp\/v2\/pages\/6033"}],"collection":[{"href":"https:\/\/matematikkocu.com\/index.php\/wp-json\/wp\/v2\/pages"}],"about":[{"href":"https:\/\/matematikkocu.com\/index.php\/wp-json\/wp\/v2\/types\/page"}],"author":[{"embeddable":true,"href":"https:\/\/matematikkocu.com\/index.php\/wp-json\/wp\/v2\/users\/1"}],"replies":[{"embeddable":true,"href":"https:\/\/matematikkocu.com\/index.php\/wp-json\/wp\/v2\/comments?post=6033"}],"version-history":[{"count":2,"href":"https:\/\/matematikkocu.com\/index.php\/wp-json\/wp\/v2\/pages\/6033\/revisions"}],"predecessor-version":[{"id":6112,"href":"https:\/\/matematikkocu.com\/index.php\/wp-json\/wp\/v2\/pages\/6033\/revisions\/6112"}],"wp:attachment":[{"href":"https:\/\/matematikkocu.com\/index.php\/wp-json\/wp\/v2\/media?parent=6033"}],"curies":[{"name":"wp","href":"https:\/\/api.w.org\/{rel}","templated":true}]}}