{"id":6073,"date":"2023-10-04T22:39:04","date_gmt":"2023-10-04T19:39:04","guid":{"rendered":"https:\/\/matematikkocu.com\/?page_id=6073"},"modified":"2023-10-04T23:14:26","modified_gmt":"2023-10-04T20:14:26","slug":"kpss-dgs-ders-paketi","status":"publish","type":"page","link":"https:\/\/matematikkocu.com\/index.php\/kpss-dgs-ders-paketi\/","title":{"rendered":"KPSS-DGS DERS PAKET\u0130"},"content":{"rendered":"\n<p>KPSS veya DGS\u2019de eksik olan konular\u0131 tamamlamak i\u00e7in m\u00fckemmel bir paket. Yeni nesil sorular\u0131n \u00e7\u00f6z\u00fcm\u00fcn\u00fc de kapsayan bu pakette ister s\u0131f\u0131rdan s\u0131navda (KPSS-DGS) \u00e7\u0131kacak t\u00fcm konular\u0131 kapsayan bir program ya da eksik veya hi\u00e7 bilmedi\u011finiz konular\u0131 belirleyip diledi\u011finiz gibi olu\u015fturabilece\u011finiz bir program\u2026 tamamen sizin talep ve isteklerinize g\u00f6re \u015fekillenen m\u00fcfredat\u2026<\/p>\n\n\n\n<figure class=\"wp-block-image size-full\"><img decoding=\"async\" loading=\"lazy\" width=\"945\" height=\"494\" src=\"https:\/\/matematikkocu.com\/wp-content\/uploads\/2023\/10\/image-18.png\" alt=\"\" class=\"wp-image-6074\" srcset=\"https:\/\/matematikkocu.com\/wp-content\/uploads\/2023\/10\/image-18.png 945w, https:\/\/matematikkocu.com\/wp-content\/uploads\/2023\/10\/image-18-300x157.png 300w, https:\/\/matematikkocu.com\/wp-content\/uploads\/2023\/10\/image-18-768x401.png 768w\" sizes=\"(max-width: 945px) 100vw, 945px\" \/><\/figure>\n\n\n\n<p>Bununla birlikte yukar\u0131da belirtildi\u011fi gibi<\/p>\n\n\n\n<figure class=\"wp-block-image size-full\"><img decoding=\"async\" loading=\"lazy\" width=\"945\" height=\"508\" src=\"https:\/\/matematikkocu.com\/wp-content\/uploads\/2023\/10\/image-19.png\" alt=\"\" class=\"wp-image-6075\" srcset=\"https:\/\/matematikkocu.com\/wp-content\/uploads\/2023\/10\/image-19.png 945w, https:\/\/matematikkocu.com\/wp-content\/uploads\/2023\/10\/image-19-300x161.png 300w, https:\/\/matematikkocu.com\/wp-content\/uploads\/2023\/10\/image-19-768x413.png 768w\" sizes=\"(max-width: 945px) 100vw, 945px\" \/><\/figure>\n\n\n\n<p>Gibi durumlar\u0131 da ortadan kald\u0131rmaya y\u00f6nelik \u00e7al\u0131\u015fmalar haricinde matemati\u011fi sevdirmek i\u00e7in de gerekli \u00e7al\u0131\u015fma ayr\u0131ca yap\u0131lacakt\u0131r.<\/p>\n\n\n\n<p>Ve de ayr\u0131ca a\u015fa\u011f\u0131daki \u00f6rnek tablo ve \u00e7izelgelerle geli\u015fim s\u00fcreci takip edilir. Ders performans tablosu, Deneme sonu\u00e7 analizi, Haftal\u0131k ders program\u0131 bunlardan birka\u00e7\u0131\u2026<\/p>\n\n\n\n<figure class=\"wp-block-image size-full\"><img decoding=\"async\" loading=\"lazy\" width=\"950\" height=\"598\" src=\"https:\/\/matematikkocu.com\/wp-content\/uploads\/2023\/10\/image-20.png\" alt=\"\" class=\"wp-image-6076\" srcset=\"https:\/\/matematikkocu.com\/wp-content\/uploads\/2023\/10\/image-20.png 950w, https:\/\/matematikkocu.com\/wp-content\/uploads\/2023\/10\/image-20-300x189.png 300w, https:\/\/matematikkocu.com\/wp-content\/uploads\/2023\/10\/image-20-768x483.png 768w\" sizes=\"(max-width: 950px) 100vw, 950px\" \/><\/figure>\n\n\n\n<figure class=\"wp-block-image size-full is-resized\"><img decoding=\"async\" loading=\"lazy\" src=\"https:\/\/matematikkocu.com\/wp-content\/uploads\/2023\/10\/Ekran-goruntusu-2023-10-04-222541.png\" alt=\"\" class=\"wp-image-6055\" width=\"750\" height=\"501\" srcset=\"https:\/\/matematikkocu.com\/wp-content\/uploads\/2023\/10\/Ekran-goruntusu-2023-10-04-222541.png 627w, https:\/\/matematikkocu.com\/wp-content\/uploads\/2023\/10\/Ekran-goruntusu-2023-10-04-222541-300x200.png 300w\" sizes=\"(max-width: 750px) 100vw, 750px\" \/><\/figure>\n\n\n\n<figure class=\"wp-block-image size-full\"><img decoding=\"async\" loading=\"lazy\" width=\"957\" height=\"229\" src=\"https:\/\/matematikkocu.com\/wp-content\/uploads\/2023\/10\/image-21.png\" alt=\"\" class=\"wp-image-6077\" srcset=\"https:\/\/matematikkocu.com\/wp-content\/uploads\/2023\/10\/image-21.png 957w, https:\/\/matematikkocu.com\/wp-content\/uploads\/2023\/10\/image-21-300x72.png 300w, https:\/\/matematikkocu.com\/wp-content\/uploads\/2023\/10\/image-21-768x184.png 768w\" sizes=\"(max-width: 957px) 100vw, 957px\" \/><\/figure>\n\n\n\n<figure class=\"wp-block-image size-full\"><img decoding=\"async\" loading=\"lazy\" width=\"959\" height=\"504\" src=\"https:\/\/matematikkocu.com\/wp-content\/uploads\/2023\/10\/image-22.png\" alt=\"\" class=\"wp-image-6078\" srcset=\"https:\/\/matematikkocu.com\/wp-content\/uploads\/2023\/10\/image-22.png 959w, https:\/\/matematikkocu.com\/wp-content\/uploads\/2023\/10\/image-22-300x158.png 300w, https:\/\/matematikkocu.com\/wp-content\/uploads\/2023\/10\/image-22-768x404.png 768w\" sizes=\"(max-width: 959px) 100vw, 959px\" \/><\/figure>\n\n\n\n<figure class=\"wp-block-image size-full\"><img decoding=\"async\" loading=\"lazy\" width=\"945\" height=\"254\" src=\"https:\/\/matematikkocu.com\/wp-content\/uploads\/2023\/10\/image-23.png\" alt=\"\" class=\"wp-image-6079\" srcset=\"https:\/\/matematikkocu.com\/wp-content\/uploads\/2023\/10\/image-23.png 945w, https:\/\/matematikkocu.com\/wp-content\/uploads\/2023\/10\/image-23-300x81.png 300w, https:\/\/matematikkocu.com\/wp-content\/uploads\/2023\/10\/image-23-768x206.png 768w\" sizes=\"(max-width: 945px) 100vw, 945px\" \/><\/figure>\n\n\n\n<figure class=\"wp-block-image size-full\"><img decoding=\"async\" loading=\"lazy\" width=\"1000\" height=\"563\" src=\"https:\/\/matematikkocu.com\/wp-content\/uploads\/2023\/10\/image-24.png\" alt=\"\" class=\"wp-image-6080\" srcset=\"https:\/\/matematikkocu.com\/wp-content\/uploads\/2023\/10\/image-24.png 1000w, https:\/\/matematikkocu.com\/wp-content\/uploads\/2023\/10\/image-24-300x169.png 300w, https:\/\/matematikkocu.com\/wp-content\/uploads\/2023\/10\/image-24-768x432.png 768w\" sizes=\"(max-width: 1000px) 100vw, 1000px\" \/><\/figure>\n\n\n\n<p>T\u00fcm bu paketlerin d\u0131\u015f\u0131nda ki\u015fiye \u00f6zel program ve paket olu\u015fturulabilir. \u00d6zel paket i\u00e7in&nbsp;<a href=\"https:\/\/docs.google.com\/forms\/d\/e\/1FAIpQLSd68B23f_JLzhWZ6VtH0BOIjucQ4vuoAKD0hj9D6SGPja3LOQ\/viewform\" target=\"_blank\" rel=\"noreferrer noopener\">t\u0131klay\u0131n\u0131z<\/a>.<\/p>\n","protected":false},"excerpt":{"rendered":"<p>KPSS veya DGS\u2019de eksik olan konular\u0131 tamamlamak i\u00e7in m\u00fckemmel bir paket. Yeni nesil sorular\u0131n \u00e7\u00f6z\u00fcm\u00fcn\u00fc [&hellip;]<\/p>\n","protected":false},"author":1,"featured_media":0,"parent":0,"menu_order":0,"comment_status":"closed","ping_status":"closed","template":"","meta":{"_EventAllDay":false,"_EventTimezone":"","_EventStartDate":"","_EventEndDate":"","_EventStartDateUTC":"","_EventEndDateUTC":"","_EventShowMap":false,"_EventShowMapLink":false,"_EventURL":"","_EventCost":"","_EventCostDescription":"","_EventCurrencySymbol":"","_EventCurrencyCode":"","_EventCurrencyPosition":"","_EventDateTimeSeparator":"","_EventTimeRangeSeparator":"","_EventOrganizerID":[],"_EventVenueID":[],"_OrganizerEmail":"","_OrganizerPhone":"","_OrganizerWebsite":"","_VenueAddress":"","_VenueCity":"","_VenueCountry":"","_VenueProvince":"","_VenueState":"","_VenueZip":"","_VenuePhone":"","_VenueURL":"","_VenueStateProvince":"","_VenueLat":"","_VenueLng":"","_VenueShowMap":false,"_VenueShowMapLink":false,"_glsr_average":0,"_glsr_ranking":0,"_glsr_reviews":0},"aioseo_notices":[],"_links":{"self":[{"href":"https:\/\/matematikkocu.com\/index.php\/wp-json\/wp\/v2\/pages\/6073"}],"collection":[{"href":"https:\/\/matematikkocu.com\/index.php\/wp-json\/wp\/v2\/pages"}],"about":[{"href":"https:\/\/matematikkocu.com\/index.php\/wp-json\/wp\/v2\/types\/page"}],"author":[{"embeddable":true,"href":"https:\/\/matematikkocu.com\/index.php\/wp-json\/wp\/v2\/users\/1"}],"replies":[{"embeddable":true,"href":"https:\/\/matematikkocu.com\/index.php\/wp-json\/wp\/v2\/comments?post=6073"}],"version-history":[{"count":2,"href":"https:\/\/matematikkocu.com\/index.php\/wp-json\/wp\/v2\/pages\/6073\/revisions"}],"predecessor-version":[{"id":6129,"href":"https:\/\/matematikkocu.com\/index.php\/wp-json\/wp\/v2\/pages\/6073\/revisions\/6129"}],"wp:attachment":[{"href":"https:\/\/matematikkocu.com\/index.php\/wp-json\/wp\/v2\/media?parent=6073"}],"curies":[{"name":"wp","href":"https:\/\/api.w.org\/{rel}","templated":true}]}}